{"id":1255,"date":"2025-07-22T15:40:33","date_gmt":"2025-07-22T15:40:33","guid":{"rendered":"https:\/\/samson-boerboels.hu\/?page_id=1255"},"modified":"2025-07-22T15:40:33","modified_gmt":"2025-07-22T15:40:33","slug":"legenda-es-a-valosag","status":"publish","type":"page","link":"https:\/\/samson-boerboels.hu\/en\/legenda-es-a-valosag\/","title":{"rendered":"Myth and Reality"},"content":{"rendered":"<p>A Boerboel: T\u00f6rt\u00e9nelem \u00e9s a Jelen !<\/p>\n\n\n\n<p>A kutyafajt\u00e1k t\u00f6rt\u00e9nete egyben az emberis\u00e9g t\u00f6rt\u00e9nete is: k\u00f6z\u00f6s fejl\u0151d\u00e9s\u00fcnk sor\u00e1n az ember a saj\u00e1t ig\u00e9nyeihez alak\u00edtotta h\u0171 t\u00e1rsait \u2013 a kuty\u00e1kat. Kev\u00e9s fajta p\u00e9ld\u00e1zza ezt olyan tiszt\u00e1n \u00e9s m\u00e9lyen, mint a Boerboel, vagyis a d\u00e9l-afrikai mastiff. Ez a robusztus, intelligens \u00e9s h\u0171s\u00e9ges fajta a d\u00e9l-afrikai farmerek v\u00e9delmez\u0151jek\u00e9nt sz\u00fcletett, \u00e9s ma is hasonl\u00f3 \u00e9rt\u00e9kek ment\u00e9n nyeri el a vil\u00e1g tisztelet\u00e9t.<\/p>\n\n\n\n<figure class=\"wp-block-gallery has-nested-images columns-default is-cropped wp-block-gallery-1 is-layout-flex wp-block-gallery-is-layout-flex\">\n<figure class=\"wp-block-image size-large\"><img loading=\"lazy\" decoding=\"async\" width=\"683\" height=\"1024\" data-id=\"1256\" src=\"https:\/\/samson-boerboels.hu\/wp-content\/uploads\/2025\/07\/viber_kep_2025-07-05_22-36-09-567-683x1024.jpg\" alt=\"\" class=\"wp-image-1256\" srcset=\"https:\/\/samson-boerboels.hu\/wp-content\/uploads\/2025\/07\/viber_kep_2025-07-05_22-36-09-567-683x1024.jpg 683w, https:\/\/samson-boerboels.hu\/wp-content\/uploads\/2025\/07\/viber_kep_2025-07-05_22-36-09-567-200x300.jpg 200w, https:\/\/samson-boerboels.hu\/wp-content\/uploads\/2025\/07\/viber_kep_2025-07-05_22-36-09-567-768x1152.jpg 768w, https:\/\/samson-boerboels.hu\/wp-content\/uploads\/2025\/07\/viber_kep_2025-07-05_22-36-09-567-8x12.jpg 8w, https:\/\/samson-boerboels.hu\/wp-content\/uploads\/2025\/07\/viber_kep_2025-07-05_22-36-09-567.jpg 1024w\" sizes=\"auto, (max-width: 683px) 100vw, 683px\" \/><\/figure>\n\n\n\n<figure class=\"wp-block-image size-large\"><img loading=\"lazy\" decoding=\"async\" width=\"683\" height=\"1024\" data-id=\"1257\" src=\"https:\/\/samson-boerboels.hu\/wp-content\/uploads\/2025\/07\/viber_kep_2025-07-05_22-36-09-640-683x1024.jpg\" alt=\"\" class=\"wp-image-1257\" srcset=\"https:\/\/samson-boerboels.hu\/wp-content\/uploads\/2025\/07\/viber_kep_2025-07-05_22-36-09-640-683x1024.jpg 683w, https:\/\/samson-boerboels.hu\/wp-content\/uploads\/2025\/07\/viber_kep_2025-07-05_22-36-09-640-200x300.jpg 200w, https:\/\/samson-boerboels.hu\/wp-content\/uploads\/2025\/07\/viber_kep_2025-07-05_22-36-09-640-768x1152.jpg 768w, https:\/\/samson-boerboels.hu\/wp-content\/uploads\/2025\/07\/viber_kep_2025-07-05_22-36-09-640-8x12.jpg 8w, https:\/\/samson-boerboels.hu\/wp-content\/uploads\/2025\/07\/viber_kep_2025-07-05_22-36-09-640.jpg 1024w\" sizes=\"auto, (max-width: 683px) 100vw, 683px\" \/><\/figure>\n<\/figure>\n\n\n\n<p>A Boerboel eredete a 17\u201318. sz\u00e1zadi holland, n\u00e9met \u00e9s hugenotta telepesekhez ny\u00falik vissza, akik kuty\u00e1ikat magukkal hozva \u00e9rkeztek D\u00e9l-Afrik\u00e1ba. Ezek a kuty\u00e1k \u2013 t\u00f6bbek k\u00f6z\u00f6tt a masztiff t\u00edpus\u00fa fajt\u00e1k, mint a bullenbijter vagy az angol bulldog el\u0151dje \u2013 helyi vad\u00e1szkuty\u00e1kkal \u00e9s m\u00e1s import\u00e1lt fajt\u00e1kkal keveredtek. Az \u00fajonnan kialakul\u00f3 fajta f\u0151 feladata a farmok v\u00e9delme volt, els\u0151sorban a ragadoz\u00f3k (p\u00e9ld\u00e1ul oroszl\u00e1n, leop\u00e1rd) \u00e9s t\u00e1mad\u00f3 emberek (bandit\u00e1k, rabszolgafelkel\u0151k, ellens\u00e9ges t\u00f6rzsek) ellen.<\/p>\n\n\n\n<p>A 19. sz\u00e1zadra a Boerboel m\u00e1r j\u00f3l k\u00f6r\u00fcl\u00edrhat\u00f3 t\u00edpus\u00fa kutya volt: nagy test\u0171, er\u0151s \u00e1llkapcs\u00fa, \u00e9ber, b\u00e1tor \u00e9s rendk\u00edv\u00fcl loj\u00e1lis. Nev\u00e9t is a \u201eboer\u201d (paraszt, farmer) \u00e9s \u201eboel\u201d (kutyaf\u00e9le) szavak \u00f6sszeolvad\u00e1s\u00e1b\u00f3l nyerte: \u201ea paraszt kuty\u00e1ja\u201d<br>Funkcion\u00e1lis haszn\u00e1lat a m\u00faltban<\/p>\n\n\n\n<p>A Boerboelt nem d\u00edsznek, hanem t\u00fal\u00e9l\u00e9sre teny\u00e9sztett\u00e9k. Az \u0151si d\u00e9l-afrikai farmokon a k\u00f6vetkez\u0151 funkci\u00f3kat t\u00f6lt\u00f6tte be:<br>\u2022\u0150rz\u0151-v\u00e9d\u0151 kutyak\u00e9nt szolg\u00e1lt: h\u00e1zat, csal\u00e1dot, \u00e1llatokat v\u00e9dett, gyakran egyed\u00fcl, nagy ter\u00fcleteken.<br>\u2022Vad\u00e1llatok elleni v\u00e9delem: k\u00fcl\u00f6n\u00f6sen a nagymacsk\u00e1k \u00e9s hi\u00e9n\u00e1k t\u00e1mad\u00e1sainak elh\u00e1r\u00edt\u00e1s\u00e1ban volt hat\u00e9kony.<br>\u2022T\u00e1rs\u00e1llatk\u00e9nt is funkcion\u00e1lt \u2013 a farmerek k\u00f6r\u00e9ben megbecs\u00fclt tagja volt a csal\u00e1dnak.<br>\u2022Rugalmas alkalmazkod\u00e1s: egyar\u00e1nt j\u00f3l m\u0171k\u00f6d\u00f6tt meleg, sz\u00e1raz \u00e9ghajlaton \u00e9s a mez\u0151gazdas\u00e1gi munka dinamikus k\u00f6rnyezet\u00e9ben<br>A 20\u201321. sz\u00e1zad \u2013 teny\u00e9szt\u00e9s \u00e9s a modern Boerboel<\/p>\n\n\n\n<p>A 20. sz\u00e1zadban a vil\u00e1g figyelme elkezdett megny\u00edlni az egzotikusabb, kev\u00e9ss\u00e9 ismert kutyafajt\u00e1k fel\u00e9. A Boerboel, amely addig els\u0151sorban vid\u00e9ki farmerek k\u00f6r\u00e9ben \u00e9lt, hirtelen a kutyaszeret\u0151 vil\u00e1g \u00e9rdekl\u0151d\u00e9s\u00e9nek k\u00f6z\u00e9ppontj\u00e1ba ker\u00fclt. Ennek egyik oka a fajta leny\u0171g\u00f6z\u0151 k\u00fclseje \u00e9s \u0151si kisug\u00e1rz\u00e1sa, m\u00e1sr\u00e9szt az az elk\u00e9peszt\u0151 lojalit\u00e1s \u00e9s intelligencia, amit gazd\u00e1ja ir\u00e1nt tan\u00fas\u00edt.<\/p>\n\n\n\n<figure class=\"wp-block-image size-large\"><img loading=\"lazy\" decoding=\"async\" width=\"1024\" height=\"683\" src=\"https:\/\/samson-boerboels.hu\/wp-content\/uploads\/2025\/07\/viber_kep_2025-07-05_22-36-09-675-1024x683.jpg\" alt=\"\" class=\"wp-image-1258\" srcset=\"https:\/\/samson-boerboels.hu\/wp-content\/uploads\/2025\/07\/viber_kep_2025-07-05_22-36-09-675-1024x683.jpg 1024w, https:\/\/samson-boerboels.hu\/wp-content\/uploads\/2025\/07\/viber_kep_2025-07-05_22-36-09-675-300x200.jpg 300w, https:\/\/samson-boerboels.hu\/wp-content\/uploads\/2025\/07\/viber_kep_2025-07-05_22-36-09-675-768x512.jpg 768w, https:\/\/samson-boerboels.hu\/wp-content\/uploads\/2025\/07\/viber_kep_2025-07-05_22-36-09-675-18x12.jpg 18w, https:\/\/samson-boerboels.hu\/wp-content\/uploads\/2025\/07\/viber_kep_2025-07-05_22-36-09-675.jpg 1536w\" sizes=\"auto, (max-width: 1024px) 100vw, 1024px\" \/><\/figure>\n\n\n\n<p>A 2000-es \u00e9vekt\u0151l kezdve komoly fajtagondoz\u00f3 egyes\u00fcletek (pl. SABT \u2013 South African Boerboel Breeders\u2019 Association, EBBASA stb.) kezdtek tudatos szelekci\u00f3s \u00e9s t\u00f6rzsk\u00f6nyvez\u00e9si munk\u00e1ba. A c\u00e9l az volt, hogy:<br>\u2022Egys\u00e9ges\u00edts\u00e9k a fajta k\u00fcllem\u00e9t \u00e9s temperamentum\u00e1t.<br>\u2022Kisz\u0171rj\u00e9k a genetikai betegs\u00e9geket, k\u00fcl\u00f6n\u00f6sen a cs\u00edp\u0151- \u00e9s k\u00f6ny\u00f6kdiszpl\u00e1zi\u00e1t, epilepszi\u00e1t, sz\u00edvprobl\u00e9m\u00e1kat.<br>\u2022Meg\u0151rizz\u00e9k a fajta funkcionalit\u00e1s\u00e1t, ne v\u00e1ljon csak k\u00fcllemre teny\u00e9sztett, t\u00fals\u00e1gosan szel\u00edd\u00edtett \u201cshow-kuty\u00e1v\u00e1\u201d.<\/p>\n\n\n\n<p>A modern Boerboel m\u00e1ra egyszerre szolg\u00e1l munka-, sport- \u00e9s csal\u00e1di kutyak\u00e9nt. A v\u00e1rosi k\u00f6rnyezetben f\u0151k\u00e9nt ingatlan- \u00e9s szem\u00e9lyv\u00e9delemre haszn\u00e1lj\u00e1k, m\u00edg vid\u00e9ken m\u00e9g mindig bet\u00f6lti eredeti \u0151rz\u0151 szerep\u00e9t.<br>Igazak-e a legend\u00e1k?<\/p>\n\n\n\n<p>A Boerboel k\u00f6r\u00fcl m\u00e1ig sz\u00e1mos f\u00e9lig-m\u00edtikus t\u00f6rt\u00e9net kering:<br>\u2022Hogy oroszl\u00e1nokat ver meg puszta pof\u00e1val;<br>\u2022Hogy sosem f\u00e9l, \u00e9s csak egyszer t\u00e1mad, de az v\u00e9gzetes;<br>\u2022Hogy csak egyetlen gazd\u00e1t fogad el \u00e9let\u00e9ben.<\/p>\n\n\n\n<p>Ezek a legend\u00e1k nem teljesen alaptalanok, de elt\u00falzottak. A Boerboel val\u00f3ban f\u00e9lelmetes ellenf\u00e9l lehet, de a megfelel\u0151 szocializ\u00e1ci\u00f3 \u00e9s kik\u00e9pz\u00e9s n\u00e9lk\u00fcl vesz\u00e9lyes is lehet. Nem \u00f6szt\u00f6nb\u0151l gyilkol, hanem er\u0151s v\u00e9dekez\u0151 \u00f6szt\u00f6nnel rendelkezik, amit j\u00f3l kell csatorn\u00e1zni. A fajta nem val\u00f3 mindenkinek: tapasztalt, hat\u00e1rozott gazd\u00e1t ig\u00e9nyel, aki tiszt\u00e1ban van a fajta ig\u00e9nyeivel \u00e9s erej\u00e9vel.<br>A Boerboel szerepe napjainkban \u2013 civiliz\u00e1lt kor, \u0151si \u00f6szt\u00f6n\u00f6k<\/p>\n\n\n\n<p>Ma a vil\u00e1g sz\u00e1mos pontj\u00e1n, \u00edgy Eur\u00f3p\u00e1ban \u00e9s \u00c9szak-Amerik\u00e1ban is tartanak Boerboeleket. A haszn\u00e1latuk az al\u00e1bbiak szerint alakul:<br>\u2022Csal\u00e1di v\u00e9delem: nagy h\u00e1zak, birtokok, tany\u00e1k, ak\u00e1r v\u00e1rosi k\u00f6rnyezetben is.<br>\u2022Sportkutyak\u00e9nt: s\u00falyh\u00faz\u00f3 \u00e9s \u0151rz\u0151-v\u00e9d\u0151 versenyeken is j\u00f3l teljes\u00edtenek.<br>\u2022T\u00e1rs\u00e1llatk\u00e9nt: megb\u00edzhat\u00f3 csal\u00e1di kuty\u00e1v\u00e1 v\u00e1lhatnak, ha j\u00f3l nevelik.<br>\u2022Ter\u00e1pi\u00e1s kutyak\u00e9nt: ritka, de el\u0151fordul, k\u00fcl\u00f6n\u00f6sen poszttraum\u00e1s stresszben szenved\u0151 veter\u00e1nok mellett, ahol a Boerboel biztons\u00e1g\u00e9rzetet ad.<\/p>\n\n\n\n<figure class=\"wp-block-image size-full\"><img loading=\"lazy\" decoding=\"async\" width=\"1024\" height=\"1024\" src=\"https:\/\/samson-boerboels.hu\/wp-content\/uploads\/2025\/07\/viber_kep_2025-07-05_22-36-09-713.jpg\" alt=\"\" class=\"wp-image-1259\" srcset=\"https:\/\/samson-boerboels.hu\/wp-content\/uploads\/2025\/07\/viber_kep_2025-07-05_22-36-09-713.jpg 1024w, https:\/\/samson-boerboels.hu\/wp-content\/uploads\/2025\/07\/viber_kep_2025-07-05_22-36-09-713-300x300.jpg 300w, https:\/\/samson-boerboels.hu\/wp-content\/uploads\/2025\/07\/viber_kep_2025-07-05_22-36-09-713-150x150.jpg 150w, https:\/\/samson-boerboels.hu\/wp-content\/uploads\/2025\/07\/viber_kep_2025-07-05_22-36-09-713-768x768.jpg 768w, https:\/\/samson-boerboels.hu\/wp-content\/uploads\/2025\/07\/viber_kep_2025-07-05_22-36-09-713-12x12.jpg 12w\" sizes=\"auto, (max-width: 1024px) 100vw, 1024px\" \/><\/figure>\n\n\n\n<p>A Boerboel t\u00f6rt\u00e9nete az emberi ig\u00e9nyekre adott term\u00e9szetes v\u00e1lasz: egy olyan fajta, amely t\u00fal\u00e9l\u00e9sre sz\u00fcletett, \u00e9s k\u00e9pes volt \u00e1tl\u00e9pni a t\u00f6rt\u00e9nelmi korszakok hat\u00e1rait. Az 1800-as \u00e9vek funkcion\u00e1lis farmkuty\u00e1ja m\u00e1ra egy komplex, intelligens, m\u00e9gis \u00f6szt\u00f6neit \u0151rz\u0151 fajta, amelynek helye lehet a civiliz\u00e1lt vil\u00e1gban \u2013 de csak felel\u0151ss\u00e9gteljes k\u00e9zben. A legend\u00e1k r\u00e9szben igazak: a Boerboel val\u00f3ban b\u00e1tor, rend\u00edthetetlen \u00e9s m\u00e9lyen h\u0171s\u00e9ges, de mindezt csak a megfelel\u0151 tart\u00e1s \u00e9s nevel\u00e9s mellett mutatja meg teljes pomp\u00e1j\u00e1ban.<\/p>\n\n\n\n<p><\/p>","protected":false},"excerpt":{"rendered":"<p>A Boerboel: T\u00f6rt\u00e9nelem \u00e9s a Jelen ! A kutyafajt\u00e1k t\u00f6rt\u00e9nete egyben az emberis\u00e9g t\u00f6rt\u00e9nete is: k\u00f6z\u00f6s fejl\u0151d\u00e9s\u00fcnk sor\u00e1n az ember a saj\u00e1t ig\u00e9nyeihez alak\u00edtotta h\u0171 t\u00e1rsait \u2013 a kuty\u00e1kat. Kev\u00e9s fajta p\u00e9ld\u00e1zza ezt olyan tiszt\u00e1n \u00e9s m\u00e9lyen, mint a Boerboel, vagyis a d\u00e9l-afrikai mastiff. Ez a robusztus, intelligens \u00e9s h\u0171s\u00e9ges fajta a d\u00e9l-afrikai farmerek v\u00e9delmez\u0151jek\u00e9nt &hellip; <\/p>\n<p class=\"link-more\"><a href=\"https:\/\/samson-boerboels.hu\/en\/legenda-es-a-valosag\/\" class=\"more-link\">Read more<span class=\"screen-reader-text\"> &#8222;Legenda \u00e9s a Val\u00f3s\u00e1g&#8221;<\/span><\/a><\/p>","protected":false},"author":1,"featured_media":0,"parent":0,"menu_order":0,"comment_status":"closed","ping_status":"closed","template":"","meta":{"footnotes":""},"class_list":["post-1255","page","type-page","status-publish","hentry"],"yoast_head":"<!-- This site is optimized with the Yoast SEO plugin v22.1 - https:\/\/yoast.com\/wordpress\/plugins\/seo\/ -->\n<title>Legenda \u00e9s a Val\u00f3s\u00e1g - Samson boerboels<\/title>\n<meta name=\"robots\" content=\"index, follow, max-snippet:-1, max-image-preview:large, max-video-preview:-1\" \/>\n<link rel=\"canonical\" href=\"https:\/\/samson-boerboels.hu\/en\/legenda-es-a-valosag\/\" \/>\n<meta property=\"og:locale\" content=\"en_US\" \/>\n<meta property=\"og:type\" content=\"article\" \/>\n<meta property=\"og:title\" content=\"Legenda \u00e9s a Val\u00f3s\u00e1g - Samson boerboels\" \/>\n<meta property=\"og:description\" content=\"A Boerboel: T\u00f6rt\u00e9nelem \u00e9s a Jelen ! A kutyafajt\u00e1k t\u00f6rt\u00e9nete egyben az emberis\u00e9g t\u00f6rt\u00e9nete is: k\u00f6z\u00f6s fejl\u0151d\u00e9s\u00fcnk sor\u00e1n az ember a saj\u00e1t ig\u00e9nyeihez alak\u00edtotta h\u0171 t\u00e1rsait \u2013 a kuty\u00e1kat. Kev\u00e9s fajta p\u00e9ld\u00e1zza ezt olyan tiszt\u00e1n \u00e9s m\u00e9lyen, mint a Boerboel, vagyis a d\u00e9l-afrikai mastiff. Ez a robusztus, intelligens \u00e9s h\u0171s\u00e9ges fajta a d\u00e9l-afrikai farmerek v\u00e9delmez\u0151jek\u00e9nt &hellip; Read more &quot;Legenda \u00e9s a Val\u00f3s\u00e1g&quot;\" \/>\n<meta property=\"og:url\" content=\"https:\/\/samson-boerboels.hu\/en\/legenda-es-a-valosag\/\" \/>\n<meta property=\"og:site_name\" content=\"Samson boerboels\" \/>\n<meta property=\"article:publisher\" content=\"https:\/\/www.facebook.com\/profile.php?id=61554022043970\" \/>\n<meta property=\"og:image\" content=\"https:\/\/samson-boerboels.hu\/wp-content\/uploads\/2025\/07\/viber_kep_2025-07-05_22-36-09-567-683x1024.jpg\" \/>\n<meta name=\"twitter:card\" content=\"summary_large_image\" \/>\n<meta name=\"twitter:label1\" content=\"Est. reading time\" \/>\n\t<meta name=\"twitter:data1\" content=\"4 minutes\" \/>\n<script type=\"application\/ld+json\" class=\"yoast-schema-graph\">{\"@context\":\"https:\/\/schema.org\",\"@graph\":[{\"@type\":\"WebPage\",\"@id\":\"https:\/\/samson-boerboels.hu\/legenda-es-a-valosag\/\",\"url\":\"https:\/\/samson-boerboels.hu\/legenda-es-a-valosag\/\",\"name\":\"Legenda \u00e9s a Val\u00f3s\u00e1g - Samson boerboels\",\"isPartOf\":{\"@id\":\"https:\/\/samson-boerboels.hu\/en\/#website\"},\"datePublished\":\"2025-07-22T15:40:33+00:00\",\"dateModified\":\"2025-07-22T15:40:33+00:00\",\"breadcrumb\":{\"@id\":\"https:\/\/samson-boerboels.hu\/legenda-es-a-valosag\/#breadcrumb\"},\"inLanguage\":\"en-US\",\"potentialAction\":[{\"@type\":\"ReadAction\",\"target\":[\"https:\/\/samson-boerboels.hu\/legenda-es-a-valosag\/\"]}]},{\"@type\":\"BreadcrumbList\",\"@id\":\"https:\/\/samson-boerboels.hu\/legenda-es-a-valosag\/#breadcrumb\",\"itemListElement\":[{\"@type\":\"ListItem\",\"position\":1,\"name\":\"Home\",\"item\":\"https:\/\/samson-boerboels.hu\/\"},{\"@type\":\"ListItem\",\"position\":2,\"name\":\"Legenda \u00e9s a Val\u00f3s\u00e1g\"}]},{\"@type\":\"WebSite\",\"@id\":\"https:\/\/samson-boerboels.hu\/en\/#website\",\"url\":\"https:\/\/samson-boerboels.hu\/en\/\",\"name\":\"S\u00e1mson Boerboels\",\"description\":\"\",\"publisher\":{\"@id\":\"https:\/\/samson-boerboels.hu\/en\/#organization\"},\"potentialAction\":[{\"@type\":\"SearchAction\",\"target\":{\"@type\":\"EntryPoint\",\"urlTemplate\":\"https:\/\/samson-boerboels.hu\/en\/?s={search_term_string}\"},\"query-input\":\"required name=search_term_string\"}],\"inLanguage\":\"en-US\"},{\"@type\":\"Organization\",\"@id\":\"https:\/\/samson-boerboels.hu\/en\/#organization\",\"name\":\"S\u00e1mson Boerboels\",\"url\":\"https:\/\/samson-boerboels.hu\/en\/\",\"logo\":{\"@type\":\"ImageObject\",\"inLanguage\":\"en-US\",\"@id\":\"https:\/\/samson-boerboels.hu\/en\/#\/schema\/logo\/image\/\",\"url\":\"https:\/\/samson-boerboels.hu\/wp-content\/uploads\/2023\/12\/cropped-mini-logo-new.png\",\"contentUrl\":\"https:\/\/samson-boerboels.hu\/wp-content\/uploads\/2023\/12\/cropped-mini-logo-new.png\",\"width\":433,\"height\":179,\"caption\":\"S\u00e1mson Boerboels\"},\"image\":{\"@id\":\"https:\/\/samson-boerboels.hu\/en\/#\/schema\/logo\/image\/\"},\"sameAs\":[\"https:\/\/www.facebook.com\/profile.php?id=61554022043970\"]}]}<\/script>\n<!-- \/ Yoast SEO plugin. -->","yoast_head_json":{"title":"Legenda \u00e9s a Val\u00f3s\u00e1g - Samson boerboels","robots":{"index":"index","follow":"follow","max-snippet":"max-snippet:-1","max-image-preview":"max-image-preview:large","max-video-preview":"max-video-preview:-1"},"canonical":"https:\/\/samson-boerboels.hu\/en\/legenda-es-a-valosag\/","og_locale":"en_US","og_type":"article","og_title":"Legenda \u00e9s a Val\u00f3s\u00e1g - Samson boerboels","og_description":"A Boerboel: T\u00f6rt\u00e9nelem \u00e9s a Jelen ! A kutyafajt\u00e1k t\u00f6rt\u00e9nete egyben az emberis\u00e9g t\u00f6rt\u00e9nete is: k\u00f6z\u00f6s fejl\u0151d\u00e9s\u00fcnk sor\u00e1n az ember a saj\u00e1t ig\u00e9nyeihez alak\u00edtotta h\u0171 t\u00e1rsait \u2013 a kuty\u00e1kat. Kev\u00e9s fajta p\u00e9ld\u00e1zza ezt olyan tiszt\u00e1n \u00e9s m\u00e9lyen, mint a Boerboel, vagyis a d\u00e9l-afrikai mastiff. Ez a robusztus, intelligens \u00e9s h\u0171s\u00e9ges fajta a d\u00e9l-afrikai farmerek v\u00e9delmez\u0151jek\u00e9nt &hellip; Read more \"Legenda \u00e9s a Val\u00f3s\u00e1g\"","og_url":"https:\/\/samson-boerboels.hu\/en\/legenda-es-a-valosag\/","og_site_name":"Samson boerboels","article_publisher":"https:\/\/www.facebook.com\/profile.php?id=61554022043970","og_image":[{"url":"https:\/\/samson-boerboels.hu\/wp-content\/uploads\/2025\/07\/viber_kep_2025-07-05_22-36-09-567-683x1024.jpg"}],"twitter_card":"summary_large_image","twitter_misc":{"Est. reading time":"4 minutes"},"schema":{"@context":"https:\/\/schema.org","@graph":[{"@type":"WebPage","@id":"https:\/\/samson-boerboels.hu\/legenda-es-a-valosag\/","url":"https:\/\/samson-boerboels.hu\/legenda-es-a-valosag\/","name":"Legenda \u00e9s a Val\u00f3s\u00e1g - Samson boerboels","isPartOf":{"@id":"https:\/\/samson-boerboels.hu\/en\/#website"},"datePublished":"2025-07-22T15:40:33+00:00","dateModified":"2025-07-22T15:40:33+00:00","breadcrumb":{"@id":"https:\/\/samson-boerboels.hu\/legenda-es-a-valosag\/#breadcrumb"},"inLanguage":"en-US","potentialAction":[{"@type":"ReadAction","target":["https:\/\/samson-boerboels.hu\/legenda-es-a-valosag\/"]}]},{"@type":"BreadcrumbList","@id":"https:\/\/samson-boerboels.hu\/legenda-es-a-valosag\/#breadcrumb","itemListElement":[{"@type":"ListItem","position":1,"name":"Home","item":"https:\/\/samson-boerboels.hu\/"},{"@type":"ListItem","position":2,"name":"Legenda \u00e9s a Val\u00f3s\u00e1g"}]},{"@type":"WebSite","@id":"https:\/\/samson-boerboels.hu\/en\/#website","url":"https:\/\/samson-boerboels.hu\/en\/","name":"S\u00e1mson Boerboels","description":"","publisher":{"@id":"https:\/\/samson-boerboels.hu\/en\/#organization"},"potentialAction":[{"@type":"SearchAction","target":{"@type":"EntryPoint","urlTemplate":"https:\/\/samson-boerboels.hu\/en\/?s={search_term_string}"},"query-input":"required name=search_term_string"}],"inLanguage":"en-US"},{"@type":"Organization","@id":"https:\/\/samson-boerboels.hu\/en\/#organization","name":"S\u00e1mson Boerboels","url":"https:\/\/samson-boerboels.hu\/en\/","logo":{"@type":"ImageObject","inLanguage":"en-US","@id":"https:\/\/samson-boerboels.hu\/en\/#\/schema\/logo\/image\/","url":"https:\/\/samson-boerboels.hu\/wp-content\/uploads\/2023\/12\/cropped-mini-logo-new.png","contentUrl":"https:\/\/samson-boerboels.hu\/wp-content\/uploads\/2023\/12\/cropped-mini-logo-new.png","width":433,"height":179,"caption":"S\u00e1mson Boerboels"},"image":{"@id":"https:\/\/samson-boerboels.hu\/en\/#\/schema\/logo\/image\/"},"sameAs":["https:\/\/www.facebook.com\/profile.php?id=61554022043970"]}]}},"_links":{"self":[{"href":"https:\/\/samson-boerboels.hu\/en\/wp-json\/wp\/v2\/pages\/1255","targetHints":{"allow":["GET"]}}],"collection":[{"href":"https:\/\/samson-boerboels.hu\/en\/wp-json\/wp\/v2\/pages"}],"about":[{"href":"https:\/\/samson-boerboels.hu\/en\/wp-json\/wp\/v2\/types\/page"}],"author":[{"embeddable":true,"href":"https:\/\/samson-boerboels.hu\/en\/wp-json\/wp\/v2\/users\/1"}],"replies":[{"embeddable":true,"href":"https:\/\/samson-boerboels.hu\/en\/wp-json\/wp\/v2\/comments?post=1255"}],"version-history":[{"count":1,"href":"https:\/\/samson-boerboels.hu\/en\/wp-json\/wp\/v2\/pages\/1255\/revisions"}],"predecessor-version":[{"id":1260,"href":"https:\/\/samson-boerboels.hu\/en\/wp-json\/wp\/v2\/pages\/1255\/revisions\/1260"}],"wp:attachment":[{"href":"https:\/\/samson-boerboels.hu\/en\/wp-json\/wp\/v2\/media?parent=1255"}],"curies":[{"name":"wp","href":"https:\/\/api.w.org\/{rel}","templated":true}]}}