{"id":1296,"date":"2025-08-20T13:11:51","date_gmt":"2025-08-20T13:11:51","guid":{"rendered":"https:\/\/samson-boerboels.hu\/?page_id=1296"},"modified":"2025-08-20T13:22:25","modified_gmt":"2025-08-20T13:22:25","slug":"a-kutya","status":"publish","type":"page","link":"https:\/\/samson-boerboels.hu\/en\/a-kutya\/","title":{"rendered":"The dog"},"content":{"rendered":"<div class=\"wp-block-image\">\n<figure class=\"aligncenter size-full\"><img loading=\"lazy\" decoding=\"async\" width=\"312\" height=\"320\" src=\"https:\/\/samson-boerboels.hu\/wp-content\/uploads\/2025\/08\/baron-1.webp\" alt=\"\" class=\"wp-image-1300\" srcset=\"https:\/\/samson-boerboels.hu\/wp-content\/uploads\/2025\/08\/baron-1.webp 312w, https:\/\/samson-boerboels.hu\/wp-content\/uploads\/2025\/08\/baron-1-293x300.webp 293w, https:\/\/samson-boerboels.hu\/wp-content\/uploads\/2025\/08\/baron-1-12x12.webp 12w\" sizes=\"auto, (max-width: 312px) 100vw, 312px\" \/><\/figure>\n<\/div>\n\n\n<p>R\u00e9g\u00f3ta fel akartam tenni ezt a bejegyz\u00e9st, \u00e9s v\u00e9gre most volt id\u0151m le\u00fclni \u00e9s meg\u00edrni.<\/p>\n\n\n\n<p>Ez az \u00e9n \u00e9lettapasztalatom \u00e9s v\u00e9lem\u00e9nyem\u2026 mivel ezzel a fajt\u00e1val n\u0151ttem fel, \u00e9s tan\u00faja voltam annak, hogy milyen szerepet t\u00f6lt\u00f6ttek be kutyak\u00e9nt sz\u00e1mos farmon a Volksrust, Utrecht, Vryheid, Louwsburg, Pongola (Kwazulu Natal, D\u00e9l-Afrika) t\u00e9rs\u00e9gben. Akik ismerik a Boerboel t\u00f6rt\u00e9net\u00e9t, tudj\u00e1k, hogy a De Jagger csal\u00e1d \u2013 a Boerboel egyik alap\u00edt\u00f3 csal\u00e1dja \u2013 Utrecht k\u00f6rny\u00e9k\u00e9n gazd\u00e1lkodott, \u00e9s a Hofni Boerboels szomsz\u00e9daik voltak. J\u00f3l ismerem ezeket a csal\u00e1dokat, sok id\u0151t t\u00f6lt\u00f6ttem a Schoeman farmj\u00e1n, hiszen nagyon j\u00f3 bar\u00e1tai a csal\u00e1dunknak.<\/p>\n\n\n\n<p>A kuty\u00e1k idej\u00fck 90%-\u00e1t t\u00f6bbnyire \u201edie werf\u201d-\u00f6n \u2013 a gazdas\u00e1g udvar\u00e1n \u2013 t\u00f6lt\u00f6tt\u00e9k. K\u00e9nyelmes hely\u00fck volt a verand\u00e1n vagy a konyha h\u00e1ts\u00f3 ajtaja mellett, ahonnan szemmel tarthatt\u00e1k a birtokot.<\/p>\n\n\n\n<p>Ez\u00e9rt volt az, hogy a farmokon legt\u00f6bbsz\u00f6r 10+ kutya is \u00e9lt \u2013 a kis kever\u00e9k kuty\u00e1kt\u00f3l (patk\u00e1nyok \u00e9s apr\u00f3 r\u00e1gcs\u00e1l\u00f3k ellen) eg\u00e9szen a gyors fut\u00f3kuty\u00e1kig, mint az \u201eAfrika Wind Hond\u201d \u2013 afrikai ag\u00e1r, valamint terel\u0151kuty\u00e1k (att\u00f3l f\u00fcgg\u0151en, milyen t\u00edpus\u00fa farmr\u00f3l volt sz\u00f3). Falka \u00e9letet \u00e9ltek. Egyik kuty\u00e1nak sem volt saj\u00e1t kennele \u2013 ott aludtak, ahol akartak. \u00c1stak maguknak egy g\u00f6dr\u00f6t, \u00e9s ott k\u00e9nyelmesen elhelyezkedtek. T\u00e9len-ny\u00e1ron kint voltak. [Megjegyz\u00e9s Janet-t\u0151l: D\u00e9l-Afrik\u00e1ban t\u00e9len \u00e9jszaka t\u00e9nyleg, t\u00e9nyleg NAGYON hideg van.]<\/p>\n\n\n\n<p>Ezeken a farmokon a kuty\u00e1k k\u00f6zepes testalkat\u00faak voltak, nem nagy, neh\u00e9z kuty\u00e1k. El\u00e9g, ha megn\u00e9zz\u00fck Piona Vegtert \u00e9s Piona Lugan-t. A mai Boerboel kanok t\u00f6bbs\u00e9ge egy\u00e1ltal\u00e1n nem hasonl\u00edt a r\u00e9gi t\u00edpus\u00fa kuty\u00e1kra. Ugyanakkor az \u00e9vek sor\u00e1n voltak fejleszt\u00e9sek, egyesek j\u00f3, m\u00e1sok kev\u00e9sb\u00e9 j\u00f3 ir\u00e1nyba vitt\u00e9k a fajt\u00e1t.<\/p>\n\n\n\n<p>\u00c9s a marad\u00e9k 10%? \u0150k voltak a munk\u00e1sabb t\u00edpus\u00fa kuty\u00e1k. Futottak a lovak ut\u00e1n, k\u00f6vett\u00e9k a gazd\u00e1t b\u00e1rhov\u00e1 a farmon, \u00e1rny\u00e9kk\u00e9nt mellette j\u00e1rtak. Ezek a Boerboelek k\u00f6vett\u00e9k a lovat, ha az a ny\u00e1jhoz ment, vagy felugrottak a \u201ebakkie\u201d-ra (plat\u00f3s kisteheraut\u00f3ra), hogy elk\u00eds\u00e9rj\u00e9k a gazd\u00e1t a k\u00f6r\u00fatj\u00e1n, vagy futottak a kocsi m\u00f6g\u00f6tt.<\/p>\n\n\n\n<p>Nem sokat haszn\u00e1ltak k\u00f6z\u00fcl\u00fck terel\u00e9sre, s\u0151t, eml\u00e9keim szerint tal\u00e1n csak egyet l\u00e1ttam erre a c\u00e9lra. Mi\u00e9rt? Mert D\u00e9l-Afrik\u00e1ban a gazd\u00e1knak volt \u201eBees Wagter\u201d-j\u00fck \u2013 marhap\u00e1sztoruk \u2013, aki vigy\u00e1zott az \u00e1llatokra. Nappal a p\u00e1sztorok \u00e1ltal\u00e1ban a saj\u00e1t kuty\u00e1jukkal voltak kint, amely \u0151rkutyak\u00e9nt szolg\u00e1lt. Ezek a kuty\u00e1k kism\u00e9ret\u0171 kever\u00e9kek voltak, az Africanis, rendk\u00edv\u00fcl \u00e9ber, \u00f6n\u00e1ll\u00f3 \u00e1llatok, amelyek egerek \u00e9s gy\u00edkok elfog\u00e1s\u00e1val tartott\u00e1k fenn magukat napk\u00f6zben.<\/p>\n\n\n\n<p>Ez\u00e9rt a nagy farmkutya mag\u00e1val vitele nem mindig volt j\u00f3 \u00f6tlet, mivel a gazd\u00e1k nagy tiszteletet tan\u00fas\u00edtottak a p\u00e1sztorok \u00e9s \u00e1llataik ir\u00e1nt. \u0150k t\u00f6bbnyire id\u0151s, b\u00f6lcs emberek voltak, \u00e9s a legt\u00f6bb tud\u00e1st a \u201eVeld\u201d-r\u0151l (puszt\u00e1r\u00f3l) t\u0151l\u00fck tanultam. Ezeket a kuty\u00e1kat ink\u00e1bb vad\u00e1szatra, vad elejt\u00e9s\u00e9re vagy sak\u00e1lok hajt\u00e1s\u00e1ra haszn\u00e1lt\u00e1k.<\/p>\n\n\n\n<p>Im\u00e1dom azokat a t\u00f6rt\u00e9neteket, hogy valaki l\u00e1tott egy Boerboelt, amint az megragad egy Afrikaaner bik\u00e1t az orr\u00e1n\u00e1l fogva \u00e9s a f\u00f6ldre r\u00e1ntja\u2026 Ha egy kutya ilyet tenne egy d\u00e9l-afrikai farmer bik\u00e1j\u00e1val, biztosan nem maradna \u00e9letben, hidd el nekem. Vagy a legenda, hogy egy Boerboel meg\u00f6lt egy oroszl\u00e1nt. L\u00e1tt\u00e1l m\u00e1r val\u00f3di oroszl\u00e1nt? Szerintem nem\u2026<\/p>\n\n\n\n<p>Hofni Boerboel Dela Rey Schoeman p\u00e9ld\u00e1ul egy falka Boerboellel ment be egy barlangba Utrecht k\u00f6zel\u00e9ben, hogy n\u00e9h\u00e1ny hi\u00e9n\u00e1t levad\u00e1sszon, amelyek \u00e1llatokat \u00f6ltek a k\u00f6rny\u00e9ken. Ha j\u00f3l eml\u00e9kszem, kett\u0151t siker\u00fclt is meg\u00f6lni\u00fck, de n\u00e9h\u00e1ny kutya megs\u00e9r\u00fclt, \u00e9s egy-kett\u0151 el is pusztult k\u00f6zben. Ez igaz t\u00f6rt\u00e9net, mivel magukt\u00f3l az emberekt\u0151l hallottam, akik ott voltak azon a napon.<\/p>\n\n\n\n<p>Az eredeti kuty\u00e1k az Oranje Szabad\u00e1llamb\u00f3l, Natalb\u00f3l \u00e9s Transvaalb\u00f3l m\u00e1sk\u00e9pp n\u00e9ztek ki, mert k\u00fcl\u00f6nb\u00f6z\u0151 feladatokat l\u00e1ttak el. Voltak a nagy, neh\u00e9z test\u0171 kuty\u00e1k a birtok \u0151rz\u00e9s\u00e9re, \u00e9s voltak a f\u00fcrg\u00e9bb, fut\u00f3 t\u00edpusok, amelyek a ny\u00e1jjal dolgoztak vagy vad\u00e1szatra szolg\u00e1ltak. Akkoriban a kuty\u00e1knak funkci\u00f3juk volt, \u00e9s eszerint teny\u00e9sztett\u00e9k \u0151ket. A verand\u00e1n hever\u00e9sz\u0151 \u201ekanap\u00e9kuty\u00e1t\u00f3l\u201d kezdve a h\u00e1z\u0151rz\u0151n, a munkakuty\u00e1n \u00e1t a szem\u00e9lyi v\u00e9delmez\u0151ig \u2013 a v\u00e1laszt\u00e1s a tied volt.<\/p>\n\n\n\n<p>A l\u00e9nyeg az, hogy ami ezt a fajt\u00e1t, a BOERBOEL-t olyan k\u00fcl\u00f6nlegess\u00e9 teszi, az az, hogy TE \u2013 a leend\u0151 v\u00e1s\u00e1rl\u00f3 \u00e9s gazda \u2013 ut\u00e1nan\u00e9zhetsz \u00e9s megtal\u00e1lhatod azt a teny\u00e9szt\u0151t, akinek a kuty\u00e1i megfelelnek a te ig\u00e9nyeidnek.<\/p>\n\n\n\n<p><strong>Fajtastandard<\/strong><\/p>\n\n\n\n<p>Ezeken a param\u00e9tereken bel\u00fcl mindenki megtal\u00e1lhatja a sz\u00e1m\u00e1ra megfelel\u0151t.<\/p>\n\n\n\n<p>A m\u00e9ret mindig legyen ar\u00e1nyban az \u00f6sszk\u00e9ppel, \u00e9s ne akad\u00e1lyozza a mozg\u00e1st.<\/p>\n\n\n\n<p><strong>Kan kuty\u00e1k:<\/strong><\/p>\n\n\n\n<p>Nem lehetnek alacsonyabbak 60 cm-n\u00e9l \u00e9s nem magasabbak 76 cm-n\u00e9l a mar magass\u00e1g\u00e1ban, az ide\u00e1lis m\u00e9ret 66 cm.<\/p>\n\n\n\n<p><strong>Szuka kuty\u00e1k:<\/strong><\/p>\n\n\n\n<p>Nem lehetnek alacsonyabbak 55 cm-n\u00e9l \u00e9s nem magasabbak 71 cm-n\u00e9l a mar magass\u00e1g\u00e1ban, az ide\u00e1lis m\u00e9ret 61 cm.<\/p>\n\n\n\n<p>Szeretn\u00e9m megk\u00f6sz\u00f6nni Nic\u00f3nak ezt a csod\u00e1latos besz\u00e1mol\u00f3t a Boerboelek mindennapi farm\u00e9let\u00e9r\u0151l \u2013 mert pontosan ez\u00e9rt teny\u00e9sztett\u00e9k \u0151ket.<\/p>\n\n\n\n<p>\u00cdme egy vide\u00f3 Nico kuty\u00e1ir\u00f3l!<\/p>\n\n\n\n<figure class=\"wp-block-embed is-type-video is-provider-youtube wp-block-embed-youtube wp-embed-aspect-16-9 wp-has-aspect-ratio\"><div class=\"wp-block-embed__wrapper\">\n<iframe loading=\"lazy\" title=\"Kilian Boerboel Stoet\" width=\"950\" height=\"534\" src=\"https:\/\/www.youtube.com\/embed\/oLvWuFPyl2E?feature=oembed\" frameborder=\"0\" allow=\"accelerometer; autoplay; clipboard-write; encrypted-media; gyroscope; picture-in-picture; web-share\" referrerpolicy=\"strict-origin-when-cross-origin\" allowfullscreen><\/iframe>\n<\/div><\/figure>","protected":false},"excerpt":{"rendered":"<p>R\u00e9g\u00f3ta fel akartam tenni ezt a bejegyz\u00e9st, \u00e9s v\u00e9gre most volt id\u0151m le\u00fclni \u00e9s meg\u00edrni. Ez az \u00e9n \u00e9lettapasztalatom \u00e9s v\u00e9lem\u00e9nyem\u2026 mivel ezzel a fajt\u00e1val n\u0151ttem fel, \u00e9s tan\u00faja voltam annak, hogy milyen szerepet t\u00f6lt\u00f6ttek be kutyak\u00e9nt sz\u00e1mos farmon a Volksrust, Utrecht, Vryheid, Louwsburg, Pongola (Kwazulu Natal, D\u00e9l-Afrika) t\u00e9rs\u00e9gben. Akik ismerik a Boerboel t\u00f6rt\u00e9net\u00e9t, tudj\u00e1k, &hellip; <\/p>\n<p class=\"link-more\"><a href=\"https:\/\/samson-boerboels.hu\/en\/a-kutya\/\" class=\"more-link\">Read more<span class=\"screen-reader-text\"> &#8222;A kutya&#8221;<\/span><\/a><\/p>","protected":false},"author":1,"featured_media":0,"parent":0,"menu_order":0,"comment_status":"closed","ping_status":"closed","template":"","meta":{"footnotes":""},"class_list":["post-1296","page","type-page","status-publish","hentry"],"yoast_head":"<!-- This site is optimized with the Yoast SEO plugin v22.1 - https:\/\/yoast.com\/wordpress\/plugins\/seo\/ -->\n<title>A kutya - Samson boerboels<\/title>\n<meta name=\"robots\" content=\"index, follow, max-snippet:-1, max-image-preview:large, max-video-preview:-1\" \/>\n<link rel=\"canonical\" href=\"https:\/\/samson-boerboels.hu\/en\/a-kutya\/\" \/>\n<meta property=\"og:locale\" content=\"en_US\" \/>\n<meta property=\"og:type\" content=\"article\" \/>\n<meta property=\"og:title\" content=\"A kutya - Samson boerboels\" \/>\n<meta property=\"og:description\" content=\"R\u00e9g\u00f3ta fel akartam tenni ezt a bejegyz\u00e9st, \u00e9s v\u00e9gre most volt id\u0151m le\u00fclni \u00e9s meg\u00edrni. Ez az \u00e9n \u00e9lettapasztalatom \u00e9s v\u00e9lem\u00e9nyem\u2026 mivel ezzel a fajt\u00e1val n\u0151ttem fel, \u00e9s tan\u00faja voltam annak, hogy milyen szerepet t\u00f6lt\u00f6ttek be kutyak\u00e9nt sz\u00e1mos farmon a Volksrust, Utrecht, Vryheid, Louwsburg, Pongola (Kwazulu Natal, D\u00e9l-Afrika) t\u00e9rs\u00e9gben. Akik ismerik a Boerboel t\u00f6rt\u00e9net\u00e9t, tudj\u00e1k, &hellip; Read more &quot;A kutya&quot;\" \/>\n<meta property=\"og:url\" content=\"https:\/\/samson-boerboels.hu\/en\/a-kutya\/\" \/>\n<meta property=\"og:site_name\" content=\"Samson boerboels\" \/>\n<meta property=\"article:publisher\" content=\"https:\/\/www.facebook.com\/profile.php?id=61554022043970\" \/>\n<meta property=\"article:modified_time\" content=\"2025-08-20T13:22:25+00:00\" \/>\n<meta property=\"og:image\" content=\"https:\/\/samson-boerboels.hu\/wp-content\/uploads\/2025\/08\/baron-1.webp\" \/>\n<meta name=\"twitter:card\" content=\"summary_large_image\" \/>\n<meta name=\"twitter:label1\" content=\"Est. reading time\" \/>\n\t<meta name=\"twitter:data1\" content=\"4 minutes\" \/>\n<script type=\"application\/ld+json\" class=\"yoast-schema-graph\">{\"@context\":\"https:\/\/schema.org\",\"@graph\":[{\"@type\":\"WebPage\",\"@id\":\"https:\/\/samson-boerboels.hu\/a-kutya\/\",\"url\":\"https:\/\/samson-boerboels.hu\/a-kutya\/\",\"name\":\"A kutya - Samson boerboels\",\"isPartOf\":{\"@id\":\"https:\/\/samson-boerboels.hu\/en\/#website\"},\"datePublished\":\"2025-08-20T13:11:51+00:00\",\"dateModified\":\"2025-08-20T13:22:25+00:00\",\"breadcrumb\":{\"@id\":\"https:\/\/samson-boerboels.hu\/a-kutya\/#breadcrumb\"},\"inLanguage\":\"en-US\",\"potentialAction\":[{\"@type\":\"ReadAction\",\"target\":[\"https:\/\/samson-boerboels.hu\/a-kutya\/\"]}]},{\"@type\":\"BreadcrumbList\",\"@id\":\"https:\/\/samson-boerboels.hu\/a-kutya\/#breadcrumb\",\"itemListElement\":[{\"@type\":\"ListItem\",\"position\":1,\"name\":\"Home\",\"item\":\"https:\/\/samson-boerboels.hu\/\"},{\"@type\":\"ListItem\",\"position\":2,\"name\":\"A kutya\"}]},{\"@type\":\"WebSite\",\"@id\":\"https:\/\/samson-boerboels.hu\/en\/#website\",\"url\":\"https:\/\/samson-boerboels.hu\/en\/\",\"name\":\"S\u00e1mson Boerboels\",\"description\":\"\",\"publisher\":{\"@id\":\"https:\/\/samson-boerboels.hu\/en\/#organization\"},\"potentialAction\":[{\"@type\":\"SearchAction\",\"target\":{\"@type\":\"EntryPoint\",\"urlTemplate\":\"https:\/\/samson-boerboels.hu\/en\/?s={search_term_string}\"},\"query-input\":\"required name=search_term_string\"}],\"inLanguage\":\"en-US\"},{\"@type\":\"Organization\",\"@id\":\"https:\/\/samson-boerboels.hu\/en\/#organization\",\"name\":\"S\u00e1mson Boerboels\",\"url\":\"https:\/\/samson-boerboels.hu\/en\/\",\"logo\":{\"@type\":\"ImageObject\",\"inLanguage\":\"en-US\",\"@id\":\"https:\/\/samson-boerboels.hu\/en\/#\/schema\/logo\/image\/\",\"url\":\"https:\/\/samson-boerboels.hu\/wp-content\/uploads\/2023\/12\/cropped-mini-logo-new.png\",\"contentUrl\":\"https:\/\/samson-boerboels.hu\/wp-content\/uploads\/2023\/12\/cropped-mini-logo-new.png\",\"width\":433,\"height\":179,\"caption\":\"S\u00e1mson Boerboels\"},\"image\":{\"@id\":\"https:\/\/samson-boerboels.hu\/en\/#\/schema\/logo\/image\/\"},\"sameAs\":[\"https:\/\/www.facebook.com\/profile.php?id=61554022043970\"]}]}<\/script>\n<!-- \/ Yoast SEO plugin. -->","yoast_head_json":{"title":"A kutya - Samson boerboels","robots":{"index":"index","follow":"follow","max-snippet":"max-snippet:-1","max-image-preview":"max-image-preview:large","max-video-preview":"max-video-preview:-1"},"canonical":"https:\/\/samson-boerboels.hu\/en\/a-kutya\/","og_locale":"en_US","og_type":"article","og_title":"A kutya - Samson boerboels","og_description":"R\u00e9g\u00f3ta fel akartam tenni ezt a bejegyz\u00e9st, \u00e9s v\u00e9gre most volt id\u0151m le\u00fclni \u00e9s meg\u00edrni. Ez az \u00e9n \u00e9lettapasztalatom \u00e9s v\u00e9lem\u00e9nyem\u2026 mivel ezzel a fajt\u00e1val n\u0151ttem fel, \u00e9s tan\u00faja voltam annak, hogy milyen szerepet t\u00f6lt\u00f6ttek be kutyak\u00e9nt sz\u00e1mos farmon a Volksrust, Utrecht, Vryheid, Louwsburg, Pongola (Kwazulu Natal, D\u00e9l-Afrika) t\u00e9rs\u00e9gben. Akik ismerik a Boerboel t\u00f6rt\u00e9net\u00e9t, tudj\u00e1k, &hellip; Read more \"A kutya\"","og_url":"https:\/\/samson-boerboels.hu\/en\/a-kutya\/","og_site_name":"Samson boerboels","article_publisher":"https:\/\/www.facebook.com\/profile.php?id=61554022043970","article_modified_time":"2025-08-20T13:22:25+00:00","og_image":[{"url":"https:\/\/samson-boerboels.hu\/wp-content\/uploads\/2025\/08\/baron-1.webp"}],"twitter_card":"summary_large_image","twitter_misc":{"Est. reading time":"4 minutes"},"schema":{"@context":"https:\/\/schema.org","@graph":[{"@type":"WebPage","@id":"https:\/\/samson-boerboels.hu\/a-kutya\/","url":"https:\/\/samson-boerboels.hu\/a-kutya\/","name":"A kutya - Samson boerboels","isPartOf":{"@id":"https:\/\/samson-boerboels.hu\/en\/#website"},"datePublished":"2025-08-20T13:11:51+00:00","dateModified":"2025-08-20T13:22:25+00:00","breadcrumb":{"@id":"https:\/\/samson-boerboels.hu\/a-kutya\/#breadcrumb"},"inLanguage":"en-US","potentialAction":[{"@type":"ReadAction","target":["https:\/\/samson-boerboels.hu\/a-kutya\/"]}]},{"@type":"BreadcrumbList","@id":"https:\/\/samson-boerboels.hu\/a-kutya\/#breadcrumb","itemListElement":[{"@type":"ListItem","position":1,"name":"Home","item":"https:\/\/samson-boerboels.hu\/"},{"@type":"ListItem","position":2,"name":"A kutya"}]},{"@type":"WebSite","@id":"https:\/\/samson-boerboels.hu\/en\/#website","url":"https:\/\/samson-boerboels.hu\/en\/","name":"S\u00e1mson Boerboels","description":"","publisher":{"@id":"https:\/\/samson-boerboels.hu\/en\/#organization"},"potentialAction":[{"@type":"SearchAction","target":{"@type":"EntryPoint","urlTemplate":"https:\/\/samson-boerboels.hu\/en\/?s={search_term_string}"},"query-input":"required name=search_term_string"}],"inLanguage":"en-US"},{"@type":"Organization","@id":"https:\/\/samson-boerboels.hu\/en\/#organization","name":"S\u00e1mson Boerboels","url":"https:\/\/samson-boerboels.hu\/en\/","logo":{"@type":"ImageObject","inLanguage":"en-US","@id":"https:\/\/samson-boerboels.hu\/en\/#\/schema\/logo\/image\/","url":"https:\/\/samson-boerboels.hu\/wp-content\/uploads\/2023\/12\/cropped-mini-logo-new.png","contentUrl":"https:\/\/samson-boerboels.hu\/wp-content\/uploads\/2023\/12\/cropped-mini-logo-new.png","width":433,"height":179,"caption":"S\u00e1mson Boerboels"},"image":{"@id":"https:\/\/samson-boerboels.hu\/en\/#\/schema\/logo\/image\/"},"sameAs":["https:\/\/www.facebook.com\/profile.php?id=61554022043970"]}]}},"_links":{"self":[{"href":"https:\/\/samson-boerboels.hu\/en\/wp-json\/wp\/v2\/pages\/1296","targetHints":{"allow":["GET"]}}],"collection":[{"href":"https:\/\/samson-boerboels.hu\/en\/wp-json\/wp\/v2\/pages"}],"about":[{"href":"https:\/\/samson-boerboels.hu\/en\/wp-json\/wp\/v2\/types\/page"}],"author":[{"embeddable":true,"href":"https:\/\/samson-boerboels.hu\/en\/wp-json\/wp\/v2\/users\/1"}],"replies":[{"embeddable":true,"href":"https:\/\/samson-boerboels.hu\/en\/wp-json\/wp\/v2\/comments?post=1296"}],"version-history":[{"count":2,"href":"https:\/\/samson-boerboels.hu\/en\/wp-json\/wp\/v2\/pages\/1296\/revisions"}],"predecessor-version":[{"id":1301,"href":"https:\/\/samson-boerboels.hu\/en\/wp-json\/wp\/v2\/pages\/1296\/revisions\/1301"}],"wp:attachment":[{"href":"https:\/\/samson-boerboels.hu\/en\/wp-json\/wp\/v2\/media?parent=1296"}],"curies":[{"name":"wp","href":"https:\/\/api.w.org\/{rel}","templated":true}]}}