{"id":1321,"date":"2025-08-20T14:49:29","date_gmt":"2025-08-20T14:49:29","guid":{"rendered":"https:\/\/samson-boerboels.hu\/?page_id=1321"},"modified":"2025-08-20T14:56:00","modified_gmt":"2025-08-20T14:56:00","slug":"a-felelos-tenyesztes-utja","status":"publish","type":"page","link":"https:\/\/samson-boerboels.hu\/en\/a-felelos-tenyesztes-utja\/","title":{"rendered":"The Path of Responsible Breeding"},"content":{"rendered":"<p>Excerpt from the book Born to Win, Breed to Succeed, written by Patricia Craige Trotter<\/p>\n\n\n\n<p>What Your Mother Told You Is True<\/p>\n\n\n\n<p>\u201cBe careful not to rush into your breeding activities, and not to choose beauty at the expense of everything else. What your mother told you is true: beauty is more than skin-deep, and pretty is as pretty does. In essence, you will combine hard work with knowledge of structure, type, performance, and breed characteristics in order to create your dream dog. And you must remain committed to this principle: There is only one reason to breed a litter\u2014and that is to improve your breeding stock. Not to sell puppies, not to go to shows, not to break records, and not to present yet more of the same dogs to a world already filled with unwanted ones.\u201d<\/p>\n\n\n<div class=\"wp-block-image\">\n<figure class=\"aligncenter size-large is-resized\"><img loading=\"lazy\" decoding=\"async\" width=\"828\" height=\"1024\" src=\"https:\/\/samson-boerboels.hu\/wp-content\/uploads\/2025\/08\/tenesztes-828x1024.jpg\" alt=\"\" class=\"wp-image-1322\" style=\"width:393px;height:auto\" srcset=\"https:\/\/samson-boerboels.hu\/wp-content\/uploads\/2025\/08\/tenesztes-828x1024.jpg 828w, https:\/\/samson-boerboels.hu\/wp-content\/uploads\/2025\/08\/tenesztes-243x300.jpg 243w, https:\/\/samson-boerboels.hu\/wp-content\/uploads\/2025\/08\/tenesztes-768x950.jpg 768w, https:\/\/samson-boerboels.hu\/wp-content\/uploads\/2025\/08\/tenesztes-1242x1536.jpg 1242w, https:\/\/samson-boerboels.hu\/wp-content\/uploads\/2025\/08\/tenesztes-10x12.jpg 10w, https:\/\/samson-boerboels.hu\/wp-content\/uploads\/2025\/08\/tenesztes.jpg 1294w\" sizes=\"auto, (max-width: 828px) 100vw, 828px\" \/><\/figure>\n<\/div>\n\n\n<p>Every planned breeding must be a step forward\u2014 a deliberate act of preservation and improvement that respects the breed and serves its future. For when beauty\u2026<\/p>\n\n\n\n<p>When combined with soundness, health, and temperament, you are not only creating a dog that looks good, but also one that lives well and represents its breed with honor.<\/p>","protected":false},"excerpt":{"rendered":"<p>R\u00e9szlet a k\u00f6nyvb\u0151l, a Sz\u00fcletett a gy\u0151zelemre, a sikerre c\u00edm\u0171b\u0151l, \u00edrta Patricia Craige Trotter AMIT \u00c9DES ANY\u00c1D MONDOTT, IGAZ &#8222;Vigy\u00e1zz, nehogy elhamarkodd a teny\u00e9szt\u00e9si tev\u00e9kenys\u00e9geidet, \u00e9s minden m\u00e1s rov\u00e1s\u00e1ra a sz\u00e9pet v\u00e1laszd ki. Igaz, amit \u00e9desany\u00e1d mondott: &#8222;a sz\u00e9ps\u00e9g t\u00f6bb, mint a felsz\u00ednes&#8221;, \u00e9s &#8222;a sz\u00e9p olyan, amilyen a sz\u00e9p.&#8221; L\u00e9nyeg\u00e9ben a kem\u00e9ny munk\u00e1t a &hellip; <\/p>\n<p class=\"link-more\"><a href=\"https:\/\/samson-boerboels.hu\/en\/a-felelos-tenyesztes-utja\/\" class=\"more-link\">Read more<span class=\"screen-reader-text\"> &#8222;A felel\u0151s teny\u00e9szt\u00e9s \u00fatja&#8221;<\/span><\/a><\/p>","protected":false},"author":1,"featured_media":0,"parent":0,"menu_order":0,"comment_status":"closed","ping_status":"closed","template":"","meta":{"footnotes":""},"class_list":["post-1321","page","type-page","status-publish","hentry"],"yoast_head":"<!-- This site is optimized with the Yoast SEO plugin v22.1 - https:\/\/yoast.com\/wordpress\/plugins\/seo\/ -->\n<title>A felel\u0151s teny\u00e9szt\u00e9s \u00fatja - Samson boerboels<\/title>\n<meta name=\"robots\" content=\"index, follow, max-snippet:-1, max-image-preview:large, max-video-preview:-1\" \/>\n<link rel=\"canonical\" href=\"https:\/\/samson-boerboels.hu\/en\/a-felelos-tenyesztes-utja\/\" \/>\n<meta property=\"og:locale\" content=\"en_US\" \/>\n<meta property=\"og:type\" content=\"article\" \/>\n<meta property=\"og:title\" content=\"A felel\u0151s teny\u00e9szt\u00e9s \u00fatja - Samson boerboels\" \/>\n<meta property=\"og:description\" content=\"R\u00e9szlet a k\u00f6nyvb\u0151l, a Sz\u00fcletett a gy\u0151zelemre, a sikerre c\u00edm\u0171b\u0151l, \u00edrta Patricia Craige Trotter AMIT \u00c9DES ANY\u00c1D MONDOTT, IGAZ &#8222;Vigy\u00e1zz, nehogy elhamarkodd a teny\u00e9szt\u00e9si tev\u00e9kenys\u00e9geidet, \u00e9s minden m\u00e1s rov\u00e1s\u00e1ra a sz\u00e9pet v\u00e1laszd ki. Igaz, amit \u00e9desany\u00e1d mondott: &#8222;a sz\u00e9ps\u00e9g t\u00f6bb, mint a felsz\u00ednes&#8221;, \u00e9s &#8222;a sz\u00e9p olyan, amilyen a sz\u00e9p.&#8221; L\u00e9nyeg\u00e9ben a kem\u00e9ny munk\u00e1t a &hellip; Read more &quot;A felel\u0151s teny\u00e9szt\u00e9s \u00fatja&quot;\" \/>\n<meta property=\"og:url\" content=\"https:\/\/samson-boerboels.hu\/en\/a-felelos-tenyesztes-utja\/\" \/>\n<meta property=\"og:site_name\" content=\"Samson boerboels\" \/>\n<meta property=\"article:publisher\" content=\"https:\/\/www.facebook.com\/profile.php?id=61554022043970\" \/>\n<meta property=\"article:modified_time\" content=\"2025-08-20T14:56:00+00:00\" \/>\n<meta property=\"og:image\" content=\"https:\/\/samson-boerboels.hu\/wp-content\/uploads\/2025\/08\/tenesztes-828x1024.jpg\" \/>\n<meta name=\"twitter:card\" content=\"summary_large_image\" \/>\n<meta name=\"twitter:label1\" content=\"Est. reading time\" \/>\n\t<meta name=\"twitter:data1\" content=\"1 minute\" \/>\n<script type=\"application\/ld+json\" class=\"yoast-schema-graph\">{\"@context\":\"https:\/\/schema.org\",\"@graph\":[{\"@type\":\"WebPage\",\"@id\":\"https:\/\/samson-boerboels.hu\/a-felelos-tenyesztes-utja\/\",\"url\":\"https:\/\/samson-boerboels.hu\/a-felelos-tenyesztes-utja\/\",\"name\":\"A felel\u0151s teny\u00e9szt\u00e9s \u00fatja - Samson boerboels\",\"isPartOf\":{\"@id\":\"https:\/\/samson-boerboels.hu\/en\/#website\"},\"datePublished\":\"2025-08-20T14:49:29+00:00\",\"dateModified\":\"2025-08-20T14:56:00+00:00\",\"breadcrumb\":{\"@id\":\"https:\/\/samson-boerboels.hu\/a-felelos-tenyesztes-utja\/#breadcrumb\"},\"inLanguage\":\"en-US\",\"potentialAction\":[{\"@type\":\"ReadAction\",\"target\":[\"https:\/\/samson-boerboels.hu\/a-felelos-tenyesztes-utja\/\"]}]},{\"@type\":\"BreadcrumbList\",\"@id\":\"https:\/\/samson-boerboels.hu\/a-felelos-tenyesztes-utja\/#breadcrumb\",\"itemListElement\":[{\"@type\":\"ListItem\",\"position\":1,\"name\":\"Home\",\"item\":\"https:\/\/samson-boerboels.hu\/\"},{\"@type\":\"ListItem\",\"position\":2,\"name\":\"A felel\u0151s teny\u00e9szt\u00e9s \u00fatja\"}]},{\"@type\":\"WebSite\",\"@id\":\"https:\/\/samson-boerboels.hu\/en\/#website\",\"url\":\"https:\/\/samson-boerboels.hu\/en\/\",\"name\":\"S\u00e1mson Boerboels\",\"description\":\"\",\"publisher\":{\"@id\":\"https:\/\/samson-boerboels.hu\/en\/#organization\"},\"potentialAction\":[{\"@type\":\"SearchAction\",\"target\":{\"@type\":\"EntryPoint\",\"urlTemplate\":\"https:\/\/samson-boerboels.hu\/en\/?s={search_term_string}\"},\"query-input\":\"required name=search_term_string\"}],\"inLanguage\":\"en-US\"},{\"@type\":\"Organization\",\"@id\":\"https:\/\/samson-boerboels.hu\/en\/#organization\",\"name\":\"S\u00e1mson Boerboels\",\"url\":\"https:\/\/samson-boerboels.hu\/en\/\",\"logo\":{\"@type\":\"ImageObject\",\"inLanguage\":\"en-US\",\"@id\":\"https:\/\/samson-boerboels.hu\/en\/#\/schema\/logo\/image\/\",\"url\":\"https:\/\/samson-boerboels.hu\/wp-content\/uploads\/2023\/12\/cropped-mini-logo-new.png\",\"contentUrl\":\"https:\/\/samson-boerboels.hu\/wp-content\/uploads\/2023\/12\/cropped-mini-logo-new.png\",\"width\":433,\"height\":179,\"caption\":\"S\u00e1mson Boerboels\"},\"image\":{\"@id\":\"https:\/\/samson-boerboels.hu\/en\/#\/schema\/logo\/image\/\"},\"sameAs\":[\"https:\/\/www.facebook.com\/profile.php?id=61554022043970\"]}]}<\/script>\n<!-- \/ Yoast SEO plugin. -->","yoast_head_json":{"title":"A felel\u0151s teny\u00e9szt\u00e9s \u00fatja - Samson boerboels","robots":{"index":"index","follow":"follow","max-snippet":"max-snippet:-1","max-image-preview":"max-image-preview:large","max-video-preview":"max-video-preview:-1"},"canonical":"https:\/\/samson-boerboels.hu\/en\/a-felelos-tenyesztes-utja\/","og_locale":"en_US","og_type":"article","og_title":"A felel\u0151s teny\u00e9szt\u00e9s \u00fatja - Samson boerboels","og_description":"R\u00e9szlet a k\u00f6nyvb\u0151l, a Sz\u00fcletett a gy\u0151zelemre, a sikerre c\u00edm\u0171b\u0151l, \u00edrta Patricia Craige Trotter AMIT \u00c9DES ANY\u00c1D MONDOTT, IGAZ &#8222;Vigy\u00e1zz, nehogy elhamarkodd a teny\u00e9szt\u00e9si tev\u00e9kenys\u00e9geidet, \u00e9s minden m\u00e1s rov\u00e1s\u00e1ra a sz\u00e9pet v\u00e1laszd ki. Igaz, amit \u00e9desany\u00e1d mondott: &#8222;a sz\u00e9ps\u00e9g t\u00f6bb, mint a felsz\u00ednes&#8221;, \u00e9s &#8222;a sz\u00e9p olyan, amilyen a sz\u00e9p.&#8221; L\u00e9nyeg\u00e9ben a kem\u00e9ny munk\u00e1t a &hellip; Read more \"A felel\u0151s teny\u00e9szt\u00e9s \u00fatja\"","og_url":"https:\/\/samson-boerboels.hu\/en\/a-felelos-tenyesztes-utja\/","og_site_name":"Samson boerboels","article_publisher":"https:\/\/www.facebook.com\/profile.php?id=61554022043970","article_modified_time":"2025-08-20T14:56:00+00:00","og_image":[{"url":"https:\/\/samson-boerboels.hu\/wp-content\/uploads\/2025\/08\/tenesztes-828x1024.jpg"}],"twitter_card":"summary_large_image","twitter_misc":{"Est. reading time":"1 minute"},"schema":{"@context":"https:\/\/schema.org","@graph":[{"@type":"WebPage","@id":"https:\/\/samson-boerboels.hu\/a-felelos-tenyesztes-utja\/","url":"https:\/\/samson-boerboels.hu\/a-felelos-tenyesztes-utja\/","name":"A felel\u0151s teny\u00e9szt\u00e9s \u00fatja - Samson boerboels","isPartOf":{"@id":"https:\/\/samson-boerboels.hu\/en\/#website"},"datePublished":"2025-08-20T14:49:29+00:00","dateModified":"2025-08-20T14:56:00+00:00","breadcrumb":{"@id":"https:\/\/samson-boerboels.hu\/a-felelos-tenyesztes-utja\/#breadcrumb"},"inLanguage":"en-US","potentialAction":[{"@type":"ReadAction","target":["https:\/\/samson-boerboels.hu\/a-felelos-tenyesztes-utja\/"]}]},{"@type":"BreadcrumbList","@id":"https:\/\/samson-boerboels.hu\/a-felelos-tenyesztes-utja\/#breadcrumb","itemListElement":[{"@type":"ListItem","position":1,"name":"Home","item":"https:\/\/samson-boerboels.hu\/"},{"@type":"ListItem","position":2,"name":"A felel\u0151s teny\u00e9szt\u00e9s \u00fatja"}]},{"@type":"WebSite","@id":"https:\/\/samson-boerboels.hu\/en\/#website","url":"https:\/\/samson-boerboels.hu\/en\/","name":"S\u00e1mson Boerboels","description":"","publisher":{"@id":"https:\/\/samson-boerboels.hu\/en\/#organization"},"potentialAction":[{"@type":"SearchAction","target":{"@type":"EntryPoint","urlTemplate":"https:\/\/samson-boerboels.hu\/en\/?s={search_term_string}"},"query-input":"required name=search_term_string"}],"inLanguage":"en-US"},{"@type":"Organization","@id":"https:\/\/samson-boerboels.hu\/en\/#organization","name":"S\u00e1mson Boerboels","url":"https:\/\/samson-boerboels.hu\/en\/","logo":{"@type":"ImageObject","inLanguage":"en-US","@id":"https:\/\/samson-boerboels.hu\/en\/#\/schema\/logo\/image\/","url":"https:\/\/samson-boerboels.hu\/wp-content\/uploads\/2023\/12\/cropped-mini-logo-new.png","contentUrl":"https:\/\/samson-boerboels.hu\/wp-content\/uploads\/2023\/12\/cropped-mini-logo-new.png","width":433,"height":179,"caption":"S\u00e1mson Boerboels"},"image":{"@id":"https:\/\/samson-boerboels.hu\/en\/#\/schema\/logo\/image\/"},"sameAs":["https:\/\/www.facebook.com\/profile.php?id=61554022043970"]}]}},"_links":{"self":[{"href":"https:\/\/samson-boerboels.hu\/en\/wp-json\/wp\/v2\/pages\/1321","targetHints":{"allow":["GET"]}}],"collection":[{"href":"https:\/\/samson-boerboels.hu\/en\/wp-json\/wp\/v2\/pages"}],"about":[{"href":"https:\/\/samson-boerboels.hu\/en\/wp-json\/wp\/v2\/types\/page"}],"author":[{"embeddable":true,"href":"https:\/\/samson-boerboels.hu\/en\/wp-json\/wp\/v2\/users\/1"}],"replies":[{"embeddable":true,"href":"https:\/\/samson-boerboels.hu\/en\/wp-json\/wp\/v2\/comments?post=1321"}],"version-history":[{"count":1,"href":"https:\/\/samson-boerboels.hu\/en\/wp-json\/wp\/v2\/pages\/1321\/revisions"}],"predecessor-version":[{"id":1323,"href":"https:\/\/samson-boerboels.hu\/en\/wp-json\/wp\/v2\/pages\/1321\/revisions\/1323"}],"wp:attachment":[{"href":"https:\/\/samson-boerboels.hu\/en\/wp-json\/wp\/v2\/media?parent=1321"}],"curies":[{"name":"wp","href":"https:\/\/api.w.org\/{rel}","templated":true}]}}