{"id":133,"date":"2023-11-23T12:24:30","date_gmt":"2023-11-23T12:24:30","guid":{"rendered":"https:\/\/samson-boerboels.hu\/?page_id=133"},"modified":"2025-08-20T15:34:10","modified_gmt":"2025-08-20T15:34:10","slug":"elerhetoseg","status":"publish","type":"page","link":"https:\/\/samson-boerboels.hu\/en\/elerhetoseg\/","title":{"rendered":"Contact us"},"content":{"rendered":"<figure class=\"wp-block-image size-large .bod-flex\"><img loading=\"lazy\" decoding=\"async\" width=\"1024\" height=\"466\" src=\"https:\/\/samson-boerboels.hu\/wp-content\/uploads\/2024\/02\/logouj-1024x466.jpeg\" alt=\"\" class=\"wp-image-380\" srcset=\"https:\/\/samson-boerboels.hu\/wp-content\/uploads\/2024\/02\/logouj-1024x466.jpeg 1024w, https:\/\/samson-boerboels.hu\/wp-content\/uploads\/2024\/02\/logouj-300x137.jpeg 300w, https:\/\/samson-boerboels.hu\/wp-content\/uploads\/2024\/02\/logouj-768x349.jpeg 768w, https:\/\/samson-boerboels.hu\/wp-content\/uploads\/2024\/02\/logouj-1536x699.jpeg 1536w, https:\/\/samson-boerboels.hu\/wp-content\/uploads\/2024\/02\/logouj-18x8.jpeg 18w, https:\/\/samson-boerboels.hu\/wp-content\/uploads\/2024\/02\/logouj.jpeg 1600w\" sizes=\"auto, (max-width: 1024px) 100vw, 1024px\" \/><\/figure>\n\n\n\n<div class=\"wp-block-cover is-light\"><span aria-hidden=\"true\" class=\"wp-block-cover__background has-white-background-color has-background-dim-100 has-background-dim\"><\/span><div class=\"wp-block-cover__inner-container is-layout-constrained wp-block-cover-is-layout-constrained\">\n<p class=\"has-text-align-center has-large-font-size\"><\/p>\n\n\n\n<div class=\"wp-block-columns alignwide is-layout-flex wp-container-core-columns-is-layout-9d6595d7 wp-block-columns-is-layout-flex\">\n<div class=\"wp-block-column is-layout-flow wp-block-column-is-layout-flow\">\n<h2 class=\"wp-block-heading\">Barnab\u00e1s Szil\u00e1gyi<\/h2>\n\n\n\n<p><strong>Telephone<\/strong>: <br>+36309476638<\/p>\n\n\n\n<p><strong>Email<\/strong>:<br><a href=\"mailto:samsonboerboels@gmail.com\">samsonboerboels@gmail.com<\/a><\/p>\n\n\n\n<p><strong>Address<\/strong>:<br>\u00c1rp\u00e1d utca 27, 4251 Hajd\u00fas\u00e1mson, Hungary<\/p>\n<\/div>\n\n\n\n<div class=\"wp-block-column is-layout-flow wp-block-column-is-layout-flow\">\n<iframe src=\"https:\/\/www.google.com\/maps\/embed?pb=!1m18!1m12!1m3!1d168.1386967019093!2d21.761370296679207!3d47.602428301698794!2m3!1f0!2f0!3f0!3m2!1i1024!2i768!4f13.1!3m3!1m2!1s0x4747735ac8f7c50b%3A0xf6c2477f25f45fe3!2zSGFqZMO6c8OhbXNvbiwgw4FycMOhZCB1dGNhIDI3LCA0MjUx!5e0!3m2!1shu!2shu!4v1700742182717!5m2!1shu!2shu\" width=\"600\" height=\"450\" style=\"border:0;\" allowfullscreen=\"\" loading=\"lazy\" referrerpolicy=\"no-referrer-when-downgrade\"><\/iframe><\/div>\n<\/div>\n<\/div><\/div>\n\n\n\n<figure class=\"wp-block-image size-large\"><img loading=\"lazy\" decoding=\"async\" width=\"1024\" height=\"633\" src=\"https:\/\/samson-boerboels.hu\/wp-content\/uploads\/2025\/08\/viber_kep_2025-08-13_13-21-35-197-1024x633.jpg\" alt=\"\" class=\"wp-image-1388\" srcset=\"https:\/\/samson-boerboels.hu\/wp-content\/uploads\/2025\/08\/viber_kep_2025-08-13_13-21-35-197-1024x633.jpg 1024w, https:\/\/samson-boerboels.hu\/wp-content\/uploads\/2025\/08\/viber_kep_2025-08-13_13-21-35-197-300x185.jpg 300w, https:\/\/samson-boerboels.hu\/wp-content\/uploads\/2025\/08\/viber_kep_2025-08-13_13-21-35-197-768x474.jpg 768w, https:\/\/samson-boerboels.hu\/wp-content\/uploads\/2025\/08\/viber_kep_2025-08-13_13-21-35-197-18x12.jpg 18w, https:\/\/samson-boerboels.hu\/wp-content\/uploads\/2025\/08\/viber_kep_2025-08-13_13-21-35-197.jpg 1290w\" sizes=\"auto, (max-width: 1024px) 100vw, 1024px\" \/><\/figure>\n\n\n\n<figure class=\"wp-block-image size-large\"><img loading=\"lazy\" decoding=\"async\" width=\"1024\" height=\"1024\" src=\"https:\/\/samson-boerboels.hu\/wp-content\/uploads\/2025\/08\/viber_kep_2025-08-13_13-21-35-165-1024x1024.jpg\" alt=\"\" class=\"wp-image-1386\" srcset=\"https:\/\/samson-boerboels.hu\/wp-content\/uploads\/2025\/08\/viber_kep_2025-08-13_13-21-35-165-1024x1024.jpg 1024w, https:\/\/samson-boerboels.hu\/wp-content\/uploads\/2025\/08\/viber_kep_2025-08-13_13-21-35-165-300x300.jpg 300w, https:\/\/samson-boerboels.hu\/wp-content\/uploads\/2025\/08\/viber_kep_2025-08-13_13-21-35-165-150x150.jpg 150w, https:\/\/samson-boerboels.hu\/wp-content\/uploads\/2025\/08\/viber_kep_2025-08-13_13-21-35-165-768x768.jpg 768w, https:\/\/samson-boerboels.hu\/wp-content\/uploads\/2025\/08\/viber_kep_2025-08-13_13-21-35-165-12x12.jpg 12w, https:\/\/samson-boerboels.hu\/wp-content\/uploads\/2025\/08\/viber_kep_2025-08-13_13-21-35-165.jpg 1290w\" sizes=\"auto, (max-width: 1024px) 100vw, 1024px\" \/><\/figure>\n\n\n\n<figure class=\"wp-block-image size-large\"><img loading=\"lazy\" decoding=\"async\" width=\"1024\" height=\"634\" src=\"https:\/\/samson-boerboels.hu\/wp-content\/uploads\/2025\/08\/viber_kep_2025-08-13_13-21-35-180-1024x634.jpg\" alt=\"\" class=\"wp-image-1387\" srcset=\"https:\/\/samson-boerboels.hu\/wp-content\/uploads\/2025\/08\/viber_kep_2025-08-13_13-21-35-180-1024x634.jpg 1024w, https:\/\/samson-boerboels.hu\/wp-content\/uploads\/2025\/08\/viber_kep_2025-08-13_13-21-35-180-300x186.jpg 300w, https:\/\/samson-boerboels.hu\/wp-content\/uploads\/2025\/08\/viber_kep_2025-08-13_13-21-35-180-768x476.jpg 768w, https:\/\/samson-boerboels.hu\/wp-content\/uploads\/2025\/08\/viber_kep_2025-08-13_13-21-35-180-18x12.jpg 18w, https:\/\/samson-boerboels.hu\/wp-content\/uploads\/2025\/08\/viber_kep_2025-08-13_13-21-35-180.jpg 1290w\" sizes=\"auto, (max-width: 1024px) 100vw, 1024px\" \/><\/figure>","protected":false},"excerpt":{"rendered":"","protected":false},"author":1,"featured_media":0,"parent":0,"menu_order":0,"comment_status":"closed","ping_status":"closed","template":"","meta":{"footnotes":""},"class_list":["post-133","page","type-page","status-publish","hentry"],"yoast_head":"<!-- This site is optimized with the Yoast SEO plugin v22.1 - https:\/\/yoast.com\/wordpress\/plugins\/seo\/ -->\n<title>El\u00e9rhet\u0151s\u00e9g - Samson boerboels<\/title>\n<meta name=\"robots\" content=\"index, follow, max-snippet:-1, max-image-preview:large, max-video-preview:-1\" \/>\n<link rel=\"canonical\" href=\"https:\/\/samson-boerboels.hu\/en\/elerhetoseg\/\" \/>\n<meta property=\"og:locale\" content=\"en_US\" \/>\n<meta property=\"og:type\" content=\"article\" \/>\n<meta property=\"og:title\" content=\"El\u00e9rhet\u0151s\u00e9g - Samson boerboels\" \/>\n<meta property=\"og:url\" content=\"https:\/\/samson-boerboels.hu\/en\/elerhetoseg\/\" \/>\n<meta property=\"og:site_name\" content=\"Samson boerboels\" \/>\n<meta property=\"article:publisher\" content=\"https:\/\/www.facebook.com\/profile.php?id=61554022043970\" \/>\n<meta property=\"article:modified_time\" content=\"2025-08-20T15:34:10+00:00\" \/>\n<meta property=\"og:image\" content=\"https:\/\/samson-boerboels.hu\/wp-content\/uploads\/2024\/02\/logouj-1024x466.jpeg\" \/>\n<meta name=\"twitter:card\" content=\"summary_large_image\" \/>\n<meta name=\"twitter:label1\" content=\"Est. reading time\" \/>\n\t<meta name=\"twitter:data1\" content=\"1 minute\" \/>\n<script type=\"application\/ld+json\" class=\"yoast-schema-graph\">{\"@context\":\"https:\/\/schema.org\",\"@graph\":[{\"@type\":\"WebPage\",\"@id\":\"https:\/\/samson-boerboels.hu\/elerhetoseg\/\",\"url\":\"https:\/\/samson-boerboels.hu\/elerhetoseg\/\",\"name\":\"El\u00e9rhet\u0151s\u00e9g - Samson boerboels\",\"isPartOf\":{\"@id\":\"https:\/\/samson-boerboels.hu\/en\/#website\"},\"datePublished\":\"2023-11-23T12:24:30+00:00\",\"dateModified\":\"2025-08-20T15:34:10+00:00\",\"breadcrumb\":{\"@id\":\"https:\/\/samson-boerboels.hu\/elerhetoseg\/#breadcrumb\"},\"inLanguage\":\"en-US\",\"potentialAction\":[{\"@type\":\"ReadAction\",\"target\":[\"https:\/\/samson-boerboels.hu\/elerhetoseg\/\"]}]},{\"@type\":\"BreadcrumbList\",\"@id\":\"https:\/\/samson-boerboels.hu\/elerhetoseg\/#breadcrumb\",\"itemListElement\":[{\"@type\":\"ListItem\",\"position\":1,\"name\":\"Home\",\"item\":\"https:\/\/samson-boerboels.hu\/\"},{\"@type\":\"ListItem\",\"position\":2,\"name\":\"El\u00e9rhet\u0151s\u00e9g\"}]},{\"@type\":\"WebSite\",\"@id\":\"https:\/\/samson-boerboels.hu\/en\/#website\",\"url\":\"https:\/\/samson-boerboels.hu\/en\/\",\"name\":\"S\u00e1mson Boerboels\",\"description\":\"\",\"publisher\":{\"@id\":\"https:\/\/samson-boerboels.hu\/en\/#organization\"},\"potentialAction\":[{\"@type\":\"SearchAction\",\"target\":{\"@type\":\"EntryPoint\",\"urlTemplate\":\"https:\/\/samson-boerboels.hu\/en\/?s={search_term_string}\"},\"query-input\":\"required name=search_term_string\"}],\"inLanguage\":\"en-US\"},{\"@type\":\"Organization\",\"@id\":\"https:\/\/samson-boerboels.hu\/en\/#organization\",\"name\":\"S\u00e1mson Boerboels\",\"url\":\"https:\/\/samson-boerboels.hu\/en\/\",\"logo\":{\"@type\":\"ImageObject\",\"inLanguage\":\"en-US\",\"@id\":\"https:\/\/samson-boerboels.hu\/en\/#\/schema\/logo\/image\/\",\"url\":\"https:\/\/samson-boerboels.hu\/wp-content\/uploads\/2023\/12\/cropped-mini-logo-new.png\",\"contentUrl\":\"https:\/\/samson-boerboels.hu\/wp-content\/uploads\/2023\/12\/cropped-mini-logo-new.png\",\"width\":433,\"height\":179,\"caption\":\"S\u00e1mson Boerboels\"},\"image\":{\"@id\":\"https:\/\/samson-boerboels.hu\/en\/#\/schema\/logo\/image\/\"},\"sameAs\":[\"https:\/\/www.facebook.com\/profile.php?id=61554022043970\"]}]}<\/script>\n<!-- \/ Yoast SEO plugin. -->","yoast_head_json":{"title":"El\u00e9rhet\u0151s\u00e9g - Samson boerboels","robots":{"index":"index","follow":"follow","max-snippet":"max-snippet:-1","max-image-preview":"max-image-preview:large","max-video-preview":"max-video-preview:-1"},"canonical":"https:\/\/samson-boerboels.hu\/en\/elerhetoseg\/","og_locale":"en_US","og_type":"article","og_title":"El\u00e9rhet\u0151s\u00e9g - Samson boerboels","og_url":"https:\/\/samson-boerboels.hu\/en\/elerhetoseg\/","og_site_name":"Samson boerboels","article_publisher":"https:\/\/www.facebook.com\/profile.php?id=61554022043970","article_modified_time":"2025-08-20T15:34:10+00:00","og_image":[{"url":"https:\/\/samson-boerboels.hu\/wp-content\/uploads\/2024\/02\/logouj-1024x466.jpeg"}],"twitter_card":"summary_large_image","twitter_misc":{"Est. reading time":"1 minute"},"schema":{"@context":"https:\/\/schema.org","@graph":[{"@type":"WebPage","@id":"https:\/\/samson-boerboels.hu\/elerhetoseg\/","url":"https:\/\/samson-boerboels.hu\/elerhetoseg\/","name":"El\u00e9rhet\u0151s\u00e9g - Samson boerboels","isPartOf":{"@id":"https:\/\/samson-boerboels.hu\/en\/#website"},"datePublished":"2023-11-23T12:24:30+00:00","dateModified":"2025-08-20T15:34:10+00:00","breadcrumb":{"@id":"https:\/\/samson-boerboels.hu\/elerhetoseg\/#breadcrumb"},"inLanguage":"en-US","potentialAction":[{"@type":"ReadAction","target":["https:\/\/samson-boerboels.hu\/elerhetoseg\/"]}]},{"@type":"BreadcrumbList","@id":"https:\/\/samson-boerboels.hu\/elerhetoseg\/#breadcrumb","itemListElement":[{"@type":"ListItem","position":1,"name":"Home","item":"https:\/\/samson-boerboels.hu\/"},{"@type":"ListItem","position":2,"name":"El\u00e9rhet\u0151s\u00e9g"}]},{"@type":"WebSite","@id":"https:\/\/samson-boerboels.hu\/en\/#website","url":"https:\/\/samson-boerboels.hu\/en\/","name":"S\u00e1mson Boerboels","description":"","publisher":{"@id":"https:\/\/samson-boerboels.hu\/en\/#organization"},"potentialAction":[{"@type":"SearchAction","target":{"@type":"EntryPoint","urlTemplate":"https:\/\/samson-boerboels.hu\/en\/?s={search_term_string}"},"query-input":"required name=search_term_string"}],"inLanguage":"en-US"},{"@type":"Organization","@id":"https:\/\/samson-boerboels.hu\/en\/#organization","name":"S\u00e1mson Boerboels","url":"https:\/\/samson-boerboels.hu\/en\/","logo":{"@type":"ImageObject","inLanguage":"en-US","@id":"https:\/\/samson-boerboels.hu\/en\/#\/schema\/logo\/image\/","url":"https:\/\/samson-boerboels.hu\/wp-content\/uploads\/2023\/12\/cropped-mini-logo-new.png","contentUrl":"https:\/\/samson-boerboels.hu\/wp-content\/uploads\/2023\/12\/cropped-mini-logo-new.png","width":433,"height":179,"caption":"S\u00e1mson Boerboels"},"image":{"@id":"https:\/\/samson-boerboels.hu\/en\/#\/schema\/logo\/image\/"},"sameAs":["https:\/\/www.facebook.com\/profile.php?id=61554022043970"]}]}},"_links":{"self":[{"href":"https:\/\/samson-boerboels.hu\/en\/wp-json\/wp\/v2\/pages\/133","targetHints":{"allow":["GET"]}}],"collection":[{"href":"https:\/\/samson-boerboels.hu\/en\/wp-json\/wp\/v2\/pages"}],"about":[{"href":"https:\/\/samson-boerboels.hu\/en\/wp-json\/wp\/v2\/types\/page"}],"author":[{"embeddable":true,"href":"https:\/\/samson-boerboels.hu\/en\/wp-json\/wp\/v2\/users\/1"}],"replies":[{"embeddable":true,"href":"https:\/\/samson-boerboels.hu\/en\/wp-json\/wp\/v2\/comments?post=133"}],"version-history":[{"count":7,"href":"https:\/\/samson-boerboels.hu\/en\/wp-json\/wp\/v2\/pages\/133\/revisions"}],"predecessor-version":[{"id":1390,"href":"https:\/\/samson-boerboels.hu\/en\/wp-json\/wp\/v2\/pages\/133\/revisions\/1390"}],"wp:attachment":[{"href":"https:\/\/samson-boerboels.hu\/en\/wp-json\/wp\/v2\/media?parent=133"}],"curies":[{"name":"wp","href":"https:\/\/api.w.org\/{rel}","templated":true}]}}