{"id":1540,"date":"2026-02-23T12:06:16","date_gmt":"2026-02-23T12:06:16","guid":{"rendered":"https:\/\/samson-boerboels.hu\/?page_id=1540"},"modified":"2026-02-23T12:08:19","modified_gmt":"2026-02-23T12:08:19","slug":"samson-boerboel-dal","status":"publish","type":"page","link":"https:\/\/samson-boerboels.hu\/en\/samson-boerboel-dal\/","title":{"rendered":"Samson Boerboel Song"},"content":{"rendered":"<h2 class=\"wp-block-heading has-text-align-center\">Samson Boerboel Dala \u2013 Afrikai \u00c1lom \u00e9s Rem\u00e9ny<\/h2>\n\n\n\n<blockquote class=\"wp-block-quote is-layout-flow wp-block-quote-is-layout-flow\">\n<p>Samson Boerboel Dala \u2013 Afrikai \u00c1lom \u00e9s Rem\u00e9ny<br>Van egy f\u00f6ldr\u00e9sz, ahol az er\u0151 nem k\u00e9rkedik, csak jelen van.<br>Ahol a nap perzsel\u0151 f\u00e9nye alatt sz\u00fcletett meg egy fajta, melyben a b\u00e1tors\u00e1g \u00e9s a h\u0171s\u00e9g \u00f6r\u00f6kre egym\u00e1sba fon\u00f3dott. Innen indult az \u00e1lom\u2026 Afrik\u00e1b\u00f3l.<br>A Samson Boerboel sz\u00e1munkra nem csup\u00e1n egy kennel neve.<br>Ez hit az \u00f6r\u00f6ks\u00e9gben.<br>Tisztelet az \u0151s\u00f6k el\u0151tt.<br>Felel\u0151ss\u00e9g minden megsz\u00fclet\u0151 \u00e9let\u00e9rt.<br>Az \u201eAfrikai \u00c1lom \u00e9s Rem\u00e9ny\u201d egy dal az er\u0151r\u0151l, amely al\u00e1zattal p\u00e1rosul.<br>Egy dal a h\u0171s\u00e9gr\u0151l, amely felt\u00e9tel n\u00e9lk\u00fcl v\u00e9d.<br>Egy dal a m\u00e9lt\u00f3s\u00e1gr\u00f3l, amely csendben, m\u00e9gis rend\u00edthetetlen\u00fcl \u00e1ll mellett\u00fcnk.<br>B\u00fcszk\u00e9k vagyunk arra, amit k\u00e9pvisel\u00fcnk<br>de tudjuk, hogy az igazi nagys\u00e1g nem a hanger\u0151ben, hanem a sz\u00edvben m\u00e9rhet\u0151.<br>Minden l\u00e9p\u00e9s\u00fckben ott dobog Afrika sz\u00edve.<br>Minden tekintet\u00fckben ott \u00e9l az \u0151si er\u0151.<br>\u00c9s minden \u00faj gener\u00e1ci\u00f3ban ott ragyog a rem\u00e9ny.<br>Ez a mi t\u00f6rt\u00e9net\u00fcnk.<br>Ez a mi \u00e1lmunk.<br>Ez a Samson Boerboel dala.<\/p>\n<\/blockquote>\n\n\n\n<figure class=\"wp-block-embed is-type-video is-provider-youtube wp-block-embed-youtube wp-embed-aspect-4-3 wp-has-aspect-ratio\"><div class=\"wp-block-embed__wrapper\">\n<iframe loading=\"lazy\" title=\"Samson Boerboel Dala \u2013 Afrikai \u00c1lom \u00e9s Rem\u00e9ny\" width=\"950\" height=\"713\" src=\"https:\/\/www.youtube.com\/embed\/9KsfaLmou6A?feature=oembed\" frameborder=\"0\" allow=\"accelerometer; autoplay; clipboard-write; encrypted-media; gyroscope; picture-in-picture; web-share\" referrerpolicy=\"strict-origin-when-cross-origin\" allowfullscreen><\/iframe>\n<\/div><\/figure>","protected":false},"excerpt":{"rendered":"<p>Samson Boerboel Dala \u2013 Afrikai \u00c1lom \u00e9s Rem\u00e9ny Samson Boerboel Dala \u2013 Afrikai \u00c1lom \u00e9s Rem\u00e9nyVan egy f\u00f6ldr\u00e9sz, ahol az er\u0151 nem k\u00e9rkedik, csak jelen van.Ahol a nap perzsel\u0151 f\u00e9nye alatt sz\u00fcletett meg egy fajta, melyben a b\u00e1tors\u00e1g \u00e9s a h\u0171s\u00e9g \u00f6r\u00f6kre egym\u00e1sba fon\u00f3dott. Innen indult az \u00e1lom\u2026 Afrik\u00e1b\u00f3l.A Samson Boerboel sz\u00e1munkra nem csup\u00e1n egy &hellip; <\/p>\n<p class=\"link-more\"><a href=\"https:\/\/samson-boerboels.hu\/en\/samson-boerboel-dal\/\" class=\"more-link\">Read more<span class=\"screen-reader-text\"> &#8222;Samson Boerboel Dal&#8221;<\/span><\/a><\/p>","protected":false},"author":1,"featured_media":0,"parent":0,"menu_order":0,"comment_status":"closed","ping_status":"closed","template":"","meta":{"footnotes":""},"class_list":["post-1540","page","type-page","status-publish","hentry"],"yoast_head":"<!-- This site is optimized with the Yoast SEO plugin v22.1 - https:\/\/yoast.com\/wordpress\/plugins\/seo\/ -->\n<title>Samson Boerboel Dal - Samson boerboels<\/title>\n<meta name=\"robots\" content=\"index, follow, max-snippet:-1, max-image-preview:large, max-video-preview:-1\" \/>\n<link rel=\"canonical\" href=\"https:\/\/samson-boerboels.hu\/en\/samson-boerboel-dal\/\" \/>\n<meta property=\"og:locale\" content=\"en_US\" \/>\n<meta property=\"og:type\" content=\"article\" \/>\n<meta property=\"og:title\" content=\"Samson Boerboel Dal - Samson boerboels\" \/>\n<meta property=\"og:description\" content=\"Samson Boerboel Dala \u2013 Afrikai \u00c1lom \u00e9s Rem\u00e9ny Samson Boerboel Dala \u2013 Afrikai \u00c1lom \u00e9s Rem\u00e9nyVan egy f\u00f6ldr\u00e9sz, ahol az er\u0151 nem k\u00e9rkedik, csak jelen van.Ahol a nap perzsel\u0151 f\u00e9nye alatt sz\u00fcletett meg egy fajta, melyben a b\u00e1tors\u00e1g \u00e9s a h\u0171s\u00e9g \u00f6r\u00f6kre egym\u00e1sba fon\u00f3dott. Innen indult az \u00e1lom\u2026 Afrik\u00e1b\u00f3l.A Samson Boerboel sz\u00e1munkra nem csup\u00e1n egy &hellip; Read more &quot;Samson Boerboel Dal&quot;\" \/>\n<meta property=\"og:url\" content=\"https:\/\/samson-boerboels.hu\/en\/samson-boerboel-dal\/\" \/>\n<meta property=\"og:site_name\" content=\"Samson boerboels\" \/>\n<meta property=\"article:publisher\" content=\"https:\/\/www.facebook.com\/profile.php?id=61554022043970\" \/>\n<meta property=\"article:modified_time\" content=\"2026-02-23T12:08:19+00:00\" \/>\n<meta name=\"twitter:card\" content=\"summary_large_image\" \/>\n<meta name=\"twitter:label1\" content=\"Est. reading time\" \/>\n\t<meta name=\"twitter:data1\" content=\"1 minute\" \/>\n<script type=\"application\/ld+json\" class=\"yoast-schema-graph\">{\"@context\":\"https:\/\/schema.org\",\"@graph\":[{\"@type\":\"WebPage\",\"@id\":\"https:\/\/samson-boerboels.hu\/samson-boerboel-dal\/\",\"url\":\"https:\/\/samson-boerboels.hu\/samson-boerboel-dal\/\",\"name\":\"Samson Boerboel Dal - Samson boerboels\",\"isPartOf\":{\"@id\":\"https:\/\/samson-boerboels.hu\/en\/#website\"},\"datePublished\":\"2026-02-23T12:06:16+00:00\",\"dateModified\":\"2026-02-23T12:08:19+00:00\",\"breadcrumb\":{\"@id\":\"https:\/\/samson-boerboels.hu\/samson-boerboel-dal\/#breadcrumb\"},\"inLanguage\":\"en-US\",\"potentialAction\":[{\"@type\":\"ReadAction\",\"target\":[\"https:\/\/samson-boerboels.hu\/samson-boerboel-dal\/\"]}]},{\"@type\":\"BreadcrumbList\",\"@id\":\"https:\/\/samson-boerboels.hu\/samson-boerboel-dal\/#breadcrumb\",\"itemListElement\":[{\"@type\":\"ListItem\",\"position\":1,\"name\":\"Home\",\"item\":\"https:\/\/samson-boerboels.hu\/\"},{\"@type\":\"ListItem\",\"position\":2,\"name\":\"Samson Boerboel Dal\"}]},{\"@type\":\"WebSite\",\"@id\":\"https:\/\/samson-boerboels.hu\/en\/#website\",\"url\":\"https:\/\/samson-boerboels.hu\/en\/\",\"name\":\"S\u00e1mson Boerboels\",\"description\":\"\",\"publisher\":{\"@id\":\"https:\/\/samson-boerboels.hu\/en\/#organization\"},\"potentialAction\":[{\"@type\":\"SearchAction\",\"target\":{\"@type\":\"EntryPoint\",\"urlTemplate\":\"https:\/\/samson-boerboels.hu\/en\/?s={search_term_string}\"},\"query-input\":\"required name=search_term_string\"}],\"inLanguage\":\"en-US\"},{\"@type\":\"Organization\",\"@id\":\"https:\/\/samson-boerboels.hu\/en\/#organization\",\"name\":\"S\u00e1mson Boerboels\",\"url\":\"https:\/\/samson-boerboels.hu\/en\/\",\"logo\":{\"@type\":\"ImageObject\",\"inLanguage\":\"en-US\",\"@id\":\"https:\/\/samson-boerboels.hu\/en\/#\/schema\/logo\/image\/\",\"url\":\"https:\/\/samson-boerboels.hu\/wp-content\/uploads\/2023\/12\/cropped-mini-logo-new.png\",\"contentUrl\":\"https:\/\/samson-boerboels.hu\/wp-content\/uploads\/2023\/12\/cropped-mini-logo-new.png\",\"width\":433,\"height\":179,\"caption\":\"S\u00e1mson Boerboels\"},\"image\":{\"@id\":\"https:\/\/samson-boerboels.hu\/en\/#\/schema\/logo\/image\/\"},\"sameAs\":[\"https:\/\/www.facebook.com\/profile.php?id=61554022043970\"]}]}<\/script>\n<!-- \/ Yoast SEO plugin. -->","yoast_head_json":{"title":"Samson Boerboel Dal - Samson boerboels","robots":{"index":"index","follow":"follow","max-snippet":"max-snippet:-1","max-image-preview":"max-image-preview:large","max-video-preview":"max-video-preview:-1"},"canonical":"https:\/\/samson-boerboels.hu\/en\/samson-boerboel-dal\/","og_locale":"en_US","og_type":"article","og_title":"Samson Boerboel Dal - Samson boerboels","og_description":"Samson Boerboel Dala \u2013 Afrikai \u00c1lom \u00e9s Rem\u00e9ny Samson Boerboel Dala \u2013 Afrikai \u00c1lom \u00e9s Rem\u00e9nyVan egy f\u00f6ldr\u00e9sz, ahol az er\u0151 nem k\u00e9rkedik, csak jelen van.Ahol a nap perzsel\u0151 f\u00e9nye alatt sz\u00fcletett meg egy fajta, melyben a b\u00e1tors\u00e1g \u00e9s a h\u0171s\u00e9g \u00f6r\u00f6kre egym\u00e1sba fon\u00f3dott. Innen indult az \u00e1lom\u2026 Afrik\u00e1b\u00f3l.A Samson Boerboel sz\u00e1munkra nem csup\u00e1n egy &hellip; Read more \"Samson Boerboel Dal\"","og_url":"https:\/\/samson-boerboels.hu\/en\/samson-boerboel-dal\/","og_site_name":"Samson boerboels","article_publisher":"https:\/\/www.facebook.com\/profile.php?id=61554022043970","article_modified_time":"2026-02-23T12:08:19+00:00","twitter_card":"summary_large_image","twitter_misc":{"Est. reading time":"1 minute"},"schema":{"@context":"https:\/\/schema.org","@graph":[{"@type":"WebPage","@id":"https:\/\/samson-boerboels.hu\/samson-boerboel-dal\/","url":"https:\/\/samson-boerboels.hu\/samson-boerboel-dal\/","name":"Samson Boerboel Dal - Samson boerboels","isPartOf":{"@id":"https:\/\/samson-boerboels.hu\/en\/#website"},"datePublished":"2026-02-23T12:06:16+00:00","dateModified":"2026-02-23T12:08:19+00:00","breadcrumb":{"@id":"https:\/\/samson-boerboels.hu\/samson-boerboel-dal\/#breadcrumb"},"inLanguage":"en-US","potentialAction":[{"@type":"ReadAction","target":["https:\/\/samson-boerboels.hu\/samson-boerboel-dal\/"]}]},{"@type":"BreadcrumbList","@id":"https:\/\/samson-boerboels.hu\/samson-boerboel-dal\/#breadcrumb","itemListElement":[{"@type":"ListItem","position":1,"name":"Home","item":"https:\/\/samson-boerboels.hu\/"},{"@type":"ListItem","position":2,"name":"Samson Boerboel Dal"}]},{"@type":"WebSite","@id":"https:\/\/samson-boerboels.hu\/en\/#website","url":"https:\/\/samson-boerboels.hu\/en\/","name":"S\u00e1mson Boerboels","description":"","publisher":{"@id":"https:\/\/samson-boerboels.hu\/en\/#organization"},"potentialAction":[{"@type":"SearchAction","target":{"@type":"EntryPoint","urlTemplate":"https:\/\/samson-boerboels.hu\/en\/?s={search_term_string}"},"query-input":"required name=search_term_string"}],"inLanguage":"en-US"},{"@type":"Organization","@id":"https:\/\/samson-boerboels.hu\/en\/#organization","name":"S\u00e1mson Boerboels","url":"https:\/\/samson-boerboels.hu\/en\/","logo":{"@type":"ImageObject","inLanguage":"en-US","@id":"https:\/\/samson-boerboels.hu\/en\/#\/schema\/logo\/image\/","url":"https:\/\/samson-boerboels.hu\/wp-content\/uploads\/2023\/12\/cropped-mini-logo-new.png","contentUrl":"https:\/\/samson-boerboels.hu\/wp-content\/uploads\/2023\/12\/cropped-mini-logo-new.png","width":433,"height":179,"caption":"S\u00e1mson Boerboels"},"image":{"@id":"https:\/\/samson-boerboels.hu\/en\/#\/schema\/logo\/image\/"},"sameAs":["https:\/\/www.facebook.com\/profile.php?id=61554022043970"]}]}},"_links":{"self":[{"href":"https:\/\/samson-boerboels.hu\/en\/wp-json\/wp\/v2\/pages\/1540","targetHints":{"allow":["GET"]}}],"collection":[{"href":"https:\/\/samson-boerboels.hu\/en\/wp-json\/wp\/v2\/pages"}],"about":[{"href":"https:\/\/samson-boerboels.hu\/en\/wp-json\/wp\/v2\/types\/page"}],"author":[{"embeddable":true,"href":"https:\/\/samson-boerboels.hu\/en\/wp-json\/wp\/v2\/users\/1"}],"replies":[{"embeddable":true,"href":"https:\/\/samson-boerboels.hu\/en\/wp-json\/wp\/v2\/comments?post=1540"}],"version-history":[{"count":2,"href":"https:\/\/samson-boerboels.hu\/en\/wp-json\/wp\/v2\/pages\/1540\/revisions"}],"predecessor-version":[{"id":1543,"href":"https:\/\/samson-boerboels.hu\/en\/wp-json\/wp\/v2\/pages\/1540\/revisions\/1543"}],"wp:attachment":[{"href":"https:\/\/samson-boerboels.hu\/en\/wp-json\/wp\/v2\/media?parent=1540"}],"curies":[{"name":"wp","href":"https:\/\/api.w.org\/{rel}","templated":true}]}}