{"id":499,"date":"2024-03-23T14:33:18","date_gmt":"2024-03-23T14:33:18","guid":{"rendered":"https:\/\/samson-boerboels.hu\/?page_id=499"},"modified":"2025-08-20T15:32:20","modified_gmt":"2025-08-20T15:32:20","slug":"dog-pairing","status":"publish","type":"page","link":"https:\/\/samson-boerboels.hu\/en\/dog-pairing\/","title":{"rendered":"Pairings"},"content":{"rendered":"<figure class=\"wp-block-image size-large\"><img loading=\"lazy\" decoding=\"async\" width=\"1024\" height=\"683\" src=\"https:\/\/samson-boerboels.hu\/wp-content\/uploads\/2025\/08\/alom_01-1024x683.jpg\" alt=\"\" class=\"wp-image-1331\" srcset=\"https:\/\/samson-boerboels.hu\/wp-content\/uploads\/2025\/08\/alom_01-1024x683.jpg 1024w, https:\/\/samson-boerboels.hu\/wp-content\/uploads\/2025\/08\/alom_01-300x200.jpg 300w, https:\/\/samson-boerboels.hu\/wp-content\/uploads\/2025\/08\/alom_01-768x512.jpg 768w, https:\/\/samson-boerboels.hu\/wp-content\/uploads\/2025\/08\/alom_01-1536x1024.jpg 1536w, https:\/\/samson-boerboels.hu\/wp-content\/uploads\/2025\/08\/alom_01-18x12.jpg 18w, https:\/\/samson-boerboels.hu\/wp-content\/uploads\/2025\/08\/alom_01.jpg 1600w\" sizes=\"auto, (max-width: 1024px) 100vw, 1024px\" \/><\/figure>\n\n\n\n<figure class=\"wp-block-image size-large\"><img loading=\"lazy\" decoding=\"async\" width=\"1024\" height=\"1024\" src=\"https:\/\/samson-boerboels.hu\/wp-content\/uploads\/2024\/06\/aea96c17-51da-4407-be69-6e0e9304ffca-1024x1024.jpeg\" alt=\"\" class=\"wp-image-542\" srcset=\"https:\/\/samson-boerboels.hu\/wp-content\/uploads\/2024\/06\/aea96c17-51da-4407-be69-6e0e9304ffca-1024x1024.jpeg 1024w, https:\/\/samson-boerboels.hu\/wp-content\/uploads\/2024\/06\/aea96c17-51da-4407-be69-6e0e9304ffca-300x300.jpeg 300w, https:\/\/samson-boerboels.hu\/wp-content\/uploads\/2024\/06\/aea96c17-51da-4407-be69-6e0e9304ffca-150x150.jpeg 150w, https:\/\/samson-boerboels.hu\/wp-content\/uploads\/2024\/06\/aea96c17-51da-4407-be69-6e0e9304ffca-768x768.jpeg 768w, https:\/\/samson-boerboels.hu\/wp-content\/uploads\/2024\/06\/aea96c17-51da-4407-be69-6e0e9304ffca-1536x1536.jpeg 1536w, https:\/\/samson-boerboels.hu\/wp-content\/uploads\/2024\/06\/aea96c17-51da-4407-be69-6e0e9304ffca-12x12.jpeg 12w, https:\/\/samson-boerboels.hu\/wp-content\/uploads\/2024\/06\/aea96c17-51da-4407-be69-6e0e9304ffca.jpeg 1600w\" sizes=\"auto, (max-width: 1024px) 100vw, 1024px\" \/><\/figure>\n\n\n\n<figure class=\"wp-block-image size-large\"><img loading=\"lazy\" decoding=\"async\" width=\"1020\" height=\"1024\" src=\"https:\/\/samson-boerboels.hu\/wp-content\/uploads\/2024\/03\/432650803_7066811436775417_2369640315749294831_n-1020x1024.jpg\" alt=\"\" class=\"wp-image-500\" srcset=\"https:\/\/samson-boerboels.hu\/wp-content\/uploads\/2024\/03\/432650803_7066811436775417_2369640315749294831_n-1020x1024.jpg 1020w, https:\/\/samson-boerboels.hu\/wp-content\/uploads\/2024\/03\/432650803_7066811436775417_2369640315749294831_n-300x300.jpg 300w, https:\/\/samson-boerboels.hu\/wp-content\/uploads\/2024\/03\/432650803_7066811436775417_2369640315749294831_n-150x150.jpg 150w, https:\/\/samson-boerboels.hu\/wp-content\/uploads\/2024\/03\/432650803_7066811436775417_2369640315749294831_n-768x771.jpg 768w, https:\/\/samson-boerboels.hu\/wp-content\/uploads\/2024\/03\/432650803_7066811436775417_2369640315749294831_n-1530x1536.jpg 1530w, https:\/\/samson-boerboels.hu\/wp-content\/uploads\/2024\/03\/432650803_7066811436775417_2369640315749294831_n-12x12.jpg 12w, https:\/\/samson-boerboels.hu\/wp-content\/uploads\/2024\/03\/432650803_7066811436775417_2369640315749294831_n.jpg 1594w\" sizes=\"auto, (max-width: 1020px) 100vw, 1020px\" \/><\/figure>\n\n\n\n<figure class=\"wp-block-image size-large\"><img loading=\"lazy\" decoding=\"async\" width=\"1024\" height=\"683\" src=\"https:\/\/samson-boerboels.hu\/wp-content\/uploads\/2025\/07\/pairings-1024x683.jpg\" alt=\"\" class=\"wp-image-1251\" srcset=\"https:\/\/samson-boerboels.hu\/wp-content\/uploads\/2025\/07\/pairings-1024x683.jpg 1024w, https:\/\/samson-boerboels.hu\/wp-content\/uploads\/2025\/07\/pairings-300x200.jpg 300w, https:\/\/samson-boerboels.hu\/wp-content\/uploads\/2025\/07\/pairings-768x512.jpg 768w, https:\/\/samson-boerboels.hu\/wp-content\/uploads\/2025\/07\/pairings-1536x1024.jpg 1536w, https:\/\/samson-boerboels.hu\/wp-content\/uploads\/2025\/07\/pairings-18x12.jpg 18w, https:\/\/samson-boerboels.hu\/wp-content\/uploads\/2025\/07\/pairings.jpg 1600w\" sizes=\"auto, (max-width: 1024px) 100vw, 1024px\" \/><\/figure>\n\n\n\n<figure class=\"wp-block-embed is-type-video is-provider-youtube wp-block-embed-youtube wp-embed-aspect-4-3 wp-has-aspect-ratio\"><div class=\"wp-block-embed__wrapper\">\n<iframe loading=\"lazy\" title=\"La Boela Daenerys - Afrika Billion pairing\" width=\"950\" height=\"713\" src=\"https:\/\/www.youtube.com\/embed\/e_G1UIdztJo?feature=oembed\" frameborder=\"0\" allow=\"accelerometer; autoplay; clipboard-write; encrypted-media; gyroscope; picture-in-picture; web-share\" referrerpolicy=\"strict-origin-when-cross-origin\" allowfullscreen><\/iframe>\n<\/div><\/figure>","protected":false},"excerpt":{"rendered":"","protected":false},"author":1,"featured_media":0,"parent":0,"menu_order":0,"comment_status":"closed","ping_status":"closed","template":"","meta":{"footnotes":""},"class_list":["post-499","page","type-page","status-publish","hentry"],"yoast_head":"<!-- This site is optimized with the Yoast SEO plugin v22.1 - https:\/\/yoast.com\/wordpress\/plugins\/seo\/ -->\n<title>P\u00e1ros\u00edt\u00e1sok - Samson boerboels<\/title>\n<meta name=\"description\" content=\"Explore our dog pairing info and welcome the newest addition to our family, the Boerboel dog breed. Discover valuable insights and tips for introducing your new furry friend to your home.\" \/>\n<meta name=\"robots\" content=\"index, follow, max-snippet:-1, max-image-preview:large, max-video-preview:-1\" \/>\n<link rel=\"canonical\" href=\"https:\/\/samson-boerboels.hu\/en\/dog-pairing\/\" \/>\n<meta property=\"og:locale\" content=\"en_US\" \/>\n<meta property=\"og:type\" content=\"article\" \/>\n<meta property=\"og:title\" content=\"P\u00e1ros\u00edt\u00e1sok - Samson boerboels\" \/>\n<meta property=\"og:description\" content=\"Explore our dog pairing info and welcome the newest addition to our family, the Boerboel dog breed. Discover valuable insights and tips for introducing your new furry friend to your home.\" \/>\n<meta property=\"og:url\" content=\"https:\/\/samson-boerboels.hu\/en\/dog-pairing\/\" \/>\n<meta property=\"og:site_name\" content=\"Samson boerboels\" \/>\n<meta property=\"article:publisher\" content=\"https:\/\/www.facebook.com\/profile.php?id=61554022043970\" \/>\n<meta property=\"article:modified_time\" content=\"2025-08-20T15:32:20+00:00\" \/>\n<meta property=\"og:image\" content=\"https:\/\/samson-boerboels.hu\/wp-content\/uploads\/2025\/08\/alom_01-1024x683.jpg\" \/>\n<meta name=\"twitter:card\" content=\"summary_large_image\" \/>\n<meta name=\"twitter:label1\" content=\"Est. reading time\" \/>\n\t<meta name=\"twitter:data1\" content=\"1 minute\" \/>\n<script type=\"application\/ld+json\" class=\"yoast-schema-graph\">{\"@context\":\"https:\/\/schema.org\",\"@graph\":[{\"@type\":\"WebPage\",\"@id\":\"https:\/\/samson-boerboels.hu\/dog-pairing\/\",\"url\":\"https:\/\/samson-boerboels.hu\/dog-pairing\/\",\"name\":\"P\u00e1ros\u00edt\u00e1sok - Samson boerboels\",\"isPartOf\":{\"@id\":\"https:\/\/samson-boerboels.hu\/en\/#website\"},\"datePublished\":\"2024-03-23T14:33:18+00:00\",\"dateModified\":\"2025-08-20T15:32:20+00:00\",\"description\":\"Explore our dog pairing info and welcome the newest addition to our family, the Boerboel dog breed. Discover valuable insights and tips for introducing your new furry friend to your home.\",\"breadcrumb\":{\"@id\":\"https:\/\/samson-boerboels.hu\/dog-pairing\/#breadcrumb\"},\"inLanguage\":\"en-US\",\"potentialAction\":[{\"@type\":\"ReadAction\",\"target\":[\"https:\/\/samson-boerboels.hu\/dog-pairing\/\"]}]},{\"@type\":\"BreadcrumbList\",\"@id\":\"https:\/\/samson-boerboels.hu\/dog-pairing\/#breadcrumb\",\"itemListElement\":[{\"@type\":\"ListItem\",\"position\":1,\"name\":\"Home\",\"item\":\"https:\/\/samson-boerboels.hu\/\"},{\"@type\":\"ListItem\",\"position\":2,\"name\":\"P\u00e1ros\u00edt\u00e1sok\"}]},{\"@type\":\"WebSite\",\"@id\":\"https:\/\/samson-boerboels.hu\/en\/#website\",\"url\":\"https:\/\/samson-boerboels.hu\/en\/\",\"name\":\"S\u00e1mson Boerboels\",\"description\":\"\",\"publisher\":{\"@id\":\"https:\/\/samson-boerboels.hu\/en\/#organization\"},\"potentialAction\":[{\"@type\":\"SearchAction\",\"target\":{\"@type\":\"EntryPoint\",\"urlTemplate\":\"https:\/\/samson-boerboels.hu\/en\/?s={search_term_string}\"},\"query-input\":\"required name=search_term_string\"}],\"inLanguage\":\"en-US\"},{\"@type\":\"Organization\",\"@id\":\"https:\/\/samson-boerboels.hu\/en\/#organization\",\"name\":\"S\u00e1mson Boerboels\",\"url\":\"https:\/\/samson-boerboels.hu\/en\/\",\"logo\":{\"@type\":\"ImageObject\",\"inLanguage\":\"en-US\",\"@id\":\"https:\/\/samson-boerboels.hu\/en\/#\/schema\/logo\/image\/\",\"url\":\"https:\/\/samson-boerboels.hu\/wp-content\/uploads\/2023\/12\/cropped-mini-logo-new.png\",\"contentUrl\":\"https:\/\/samson-boerboels.hu\/wp-content\/uploads\/2023\/12\/cropped-mini-logo-new.png\",\"width\":433,\"height\":179,\"caption\":\"S\u00e1mson Boerboels\"},\"image\":{\"@id\":\"https:\/\/samson-boerboels.hu\/en\/#\/schema\/logo\/image\/\"},\"sameAs\":[\"https:\/\/www.facebook.com\/profile.php?id=61554022043970\"]}]}<\/script>\n<!-- \/ Yoast SEO plugin. -->","yoast_head_json":{"title":"P\u00e1ros\u00edt\u00e1sok - Samson boerboels","description":"Explore our dog pairing info and welcome the newest addition to our family, the Boerboel dog breed. Discover valuable insights and tips for introducing your new furry friend to your home.","robots":{"index":"index","follow":"follow","max-snippet":"max-snippet:-1","max-image-preview":"max-image-preview:large","max-video-preview":"max-video-preview:-1"},"canonical":"https:\/\/samson-boerboels.hu\/en\/dog-pairing\/","og_locale":"en_US","og_type":"article","og_title":"P\u00e1ros\u00edt\u00e1sok - Samson boerboels","og_description":"Explore our dog pairing info and welcome the newest addition to our family, the Boerboel dog breed. Discover valuable insights and tips for introducing your new furry friend to your home.","og_url":"https:\/\/samson-boerboels.hu\/en\/dog-pairing\/","og_site_name":"Samson boerboels","article_publisher":"https:\/\/www.facebook.com\/profile.php?id=61554022043970","article_modified_time":"2025-08-20T15:32:20+00:00","og_image":[{"url":"https:\/\/samson-boerboels.hu\/wp-content\/uploads\/2025\/08\/alom_01-1024x683.jpg"}],"twitter_card":"summary_large_image","twitter_misc":{"Est. reading time":"1 minute"},"schema":{"@context":"https:\/\/schema.org","@graph":[{"@type":"WebPage","@id":"https:\/\/samson-boerboels.hu\/dog-pairing\/","url":"https:\/\/samson-boerboels.hu\/dog-pairing\/","name":"P\u00e1ros\u00edt\u00e1sok - Samson boerboels","isPartOf":{"@id":"https:\/\/samson-boerboels.hu\/en\/#website"},"datePublished":"2024-03-23T14:33:18+00:00","dateModified":"2025-08-20T15:32:20+00:00","description":"Explore our dog pairing info and welcome the newest addition to our family, the Boerboel dog breed. Discover valuable insights and tips for introducing your new furry friend to your home.","breadcrumb":{"@id":"https:\/\/samson-boerboels.hu\/dog-pairing\/#breadcrumb"},"inLanguage":"en-US","potentialAction":[{"@type":"ReadAction","target":["https:\/\/samson-boerboels.hu\/dog-pairing\/"]}]},{"@type":"BreadcrumbList","@id":"https:\/\/samson-boerboels.hu\/dog-pairing\/#breadcrumb","itemListElement":[{"@type":"ListItem","position":1,"name":"Home","item":"https:\/\/samson-boerboels.hu\/"},{"@type":"ListItem","position":2,"name":"P\u00e1ros\u00edt\u00e1sok"}]},{"@type":"WebSite","@id":"https:\/\/samson-boerboels.hu\/en\/#website","url":"https:\/\/samson-boerboels.hu\/en\/","name":"S\u00e1mson Boerboels","description":"","publisher":{"@id":"https:\/\/samson-boerboels.hu\/en\/#organization"},"potentialAction":[{"@type":"SearchAction","target":{"@type":"EntryPoint","urlTemplate":"https:\/\/samson-boerboels.hu\/en\/?s={search_term_string}"},"query-input":"required name=search_term_string"}],"inLanguage":"en-US"},{"@type":"Organization","@id":"https:\/\/samson-boerboels.hu\/en\/#organization","name":"S\u00e1mson Boerboels","url":"https:\/\/samson-boerboels.hu\/en\/","logo":{"@type":"ImageObject","inLanguage":"en-US","@id":"https:\/\/samson-boerboels.hu\/en\/#\/schema\/logo\/image\/","url":"https:\/\/samson-boerboels.hu\/wp-content\/uploads\/2023\/12\/cropped-mini-logo-new.png","contentUrl":"https:\/\/samson-boerboels.hu\/wp-content\/uploads\/2023\/12\/cropped-mini-logo-new.png","width":433,"height":179,"caption":"S\u00e1mson Boerboels"},"image":{"@id":"https:\/\/samson-boerboels.hu\/en\/#\/schema\/logo\/image\/"},"sameAs":["https:\/\/www.facebook.com\/profile.php?id=61554022043970"]}]}},"_links":{"self":[{"href":"https:\/\/samson-boerboels.hu\/en\/wp-json\/wp\/v2\/pages\/499","targetHints":{"allow":["GET"]}}],"collection":[{"href":"https:\/\/samson-boerboels.hu\/en\/wp-json\/wp\/v2\/pages"}],"about":[{"href":"https:\/\/samson-boerboels.hu\/en\/wp-json\/wp\/v2\/types\/page"}],"author":[{"embeddable":true,"href":"https:\/\/samson-boerboels.hu\/en\/wp-json\/wp\/v2\/users\/1"}],"replies":[{"embeddable":true,"href":"https:\/\/samson-boerboels.hu\/en\/wp-json\/wp\/v2\/comments?post=499"}],"version-history":[{"count":8,"href":"https:\/\/samson-boerboels.hu\/en\/wp-json\/wp\/v2\/pages\/499\/revisions"}],"predecessor-version":[{"id":1385,"href":"https:\/\/samson-boerboels.hu\/en\/wp-json\/wp\/v2\/pages\/499\/revisions\/1385"}],"wp:attachment":[{"href":"https:\/\/samson-boerboels.hu\/en\/wp-json\/wp\/v2\/media?parent=499"}],"curies":[{"name":"wp","href":"https:\/\/api.w.org\/{rel}","templated":true}]}}