{"id":7,"date":"2023-11-19T23:11:58","date_gmt":"2023-11-19T23:11:58","guid":{"rendered":"https:\/\/vps.bodocode.com\/?page_id=7"},"modified":"2024-11-10T18:06:48","modified_gmt":"2024-11-10T18:06:48","slug":"home","status":"publish","type":"page","link":"https:\/\/samson-boerboels.hu\/en\/","title":{"rendered":""},"content":{"rendered":"<h2 class=\"wp-block-heading has-text-align-center\">Samson Boerboels: The Original African Boerboels from Africa<\/h2>\n\n\n<div class=\"wp-block-image bod-flex\">\n<figure class=\"aligncenter size-large\"><img loading=\"lazy\" decoding=\"async\" width=\"691\" height=\"1024\" src=\"https:\/\/samson-boerboels.hu\/wp-content\/uploads\/2024\/11\/banner-691x1024.jpg\" alt=\"\" class=\"wp-image-1126\" srcset=\"https:\/\/samson-boerboels.hu\/wp-content\/uploads\/2024\/11\/banner-691x1024.jpg 691w, https:\/\/samson-boerboels.hu\/wp-content\/uploads\/2024\/11\/banner-203x300.jpg 203w, https:\/\/samson-boerboels.hu\/wp-content\/uploads\/2024\/11\/banner-768x1138.jpg 768w, https:\/\/samson-boerboels.hu\/wp-content\/uploads\/2024\/11\/banner-1037x1536.jpg 1037w, https:\/\/samson-boerboels.hu\/wp-content\/uploads\/2024\/11\/banner-8x12.jpg 8w, https:\/\/samson-boerboels.hu\/wp-content\/uploads\/2024\/11\/banner.jpg 1080w\" sizes=\"auto, (max-width: 691px) 100vw, 691px\" \/><\/figure>\n<\/div>\n\n\n<p>I'm delighted to greet you on our website, where we proudly present our Boerboel dog breeding from Hungary. The Boerboel is not just a dog; it's a loyal companion embodying South African traditions and dedication to family.<\/p>\n\n\n\n<p>Explore our introductory video, crafted with the assistance of the Kennel Cast Tv team, to bring you closer to the world and lives of these magnificent breeds in our care. Experience the passion and love we nurture for our dogs firsthand.<\/p>\n\n\n\n<figure class=\"wp-block-embed is-type-video is-provider-youtube wp-block-embed-youtube wp-embed-aspect-16-9 wp-has-aspect-ratio\"><div class=\"wp-block-embed__wrapper\">\n<iframe loading=\"lazy\" title=\"BOERBOEL &amp; MEGB\u00cdZHAT\u00d3 TENY\u00c9SZT\u0150K: SAMSON BOERBOEL, SZIL\u00c1GYI BARNAB\u00c1S, AFRICAN MASTIFF,\" width=\"950\" height=\"534\" src=\"https:\/\/www.youtube.com\/embed\/06CkSY0MWjk?feature=oembed\" frameborder=\"0\" allow=\"accelerometer; autoplay; clipboard-write; encrypted-media; gyroscope; picture-in-picture; web-share\" referrerpolicy=\"strict-origin-when-cross-origin\" allowfullscreen><\/iframe>\n<\/div><\/figure>\n\n\n\n<p>Thank you to Ebugatta TV and Petrus Krisztina for giving us the opportunity to showcase this special breed. We believe that the information we share about the kennel and the Boerboel breed might be of interest to all dog lovers. Through the video and the link, they can get a glimpse into the kennel life and the characteristics of the breed.<\/p>\n\n\n\n<p><a href=\"https:\/\/www.ebugatta.hu\/fajtak\/tenyesztok\/boerboel-azaz-a-del-afrikai-masztiff\">https:\/\/www.ebugatta.hu\/fajtak\/tenyesztok\/boerboel-azaz-a-del-afrikai-masztiff<\/a><\/p>\n\n\n\n<div class=\"wp-block-columns are-vertically-aligned-center is-layout-flex wp-container-core-columns-is-layout-9d6595d7 wp-block-columns-is-layout-flex\">\n<div class=\"wp-block-column is-vertically-aligned-center is-layout-flow wp-block-column-is-layout-flow\"><div class=\"wp-block-image bod-flex\">\n<figure class=\"aligncenter size-large is-resized\"><img loading=\"lazy\" decoding=\"async\" width=\"1024\" height=\"768\" src=\"https:\/\/samson-boerboels.hu\/wp-content\/uploads\/2023\/11\/Daenerys2-1024x768.jpeg\" alt=\"\" class=\"wp-image-116\" style=\"width:263px;height:auto\" srcset=\"https:\/\/samson-boerboels.hu\/wp-content\/uploads\/2023\/11\/Daenerys2-1024x768.jpeg 1024w, https:\/\/samson-boerboels.hu\/wp-content\/uploads\/2023\/11\/Daenerys2-300x225.jpeg 300w, https:\/\/samson-boerboels.hu\/wp-content\/uploads\/2023\/11\/Daenerys2-768x576.jpeg 768w, https:\/\/samson-boerboels.hu\/wp-content\/uploads\/2023\/11\/Daenerys2-1536x1152.jpeg 1536w, https:\/\/samson-boerboels.hu\/wp-content\/uploads\/2023\/11\/Daenerys2.jpeg 2000w\" sizes=\"auto, (max-width: 1024px) 100vw, 1024px\" \/><\/figure>\n<\/div>\n\n\n<p class=\"has-text-align-center\">La Boela Daenerys<\/p>\n<\/div>\n\n\n\n<div class=\"wp-block-column is-vertically-aligned-center is-layout-flow wp-block-column-is-layout-flow\">\n<blockquote class=\"wp-block-quote is-layout-flow wp-block-quote-is-layout-flow\">\n<p>A house is not a home until it has a dog.<\/p>\n<cite>Gerard Durrell<\/cite><\/blockquote>\n<\/div>\n\n\n\n<div class=\"wp-block-column is-vertically-aligned-center is-layout-flow wp-block-column-is-layout-flow\"><div class=\"wp-block-image bod-flex\">\n<figure class=\"aligncenter size-full is-resized\"><img loading=\"lazy\" decoding=\"async\" width=\"960\" height=\"719\" src=\"https:\/\/samson-boerboels.hu\/wp-content\/uploads\/2023\/11\/viber_kep_2023-11-24_09-59-16-233.jpg\" alt=\"\" class=\"wp-image-233\" style=\"width:263px;height:auto\" srcset=\"https:\/\/samson-boerboels.hu\/wp-content\/uploads\/2023\/11\/viber_kep_2023-11-24_09-59-16-233.jpg 960w, https:\/\/samson-boerboels.hu\/wp-content\/uploads\/2023\/11\/viber_kep_2023-11-24_09-59-16-233-300x225.jpg 300w, https:\/\/samson-boerboels.hu\/wp-content\/uploads\/2023\/11\/viber_kep_2023-11-24_09-59-16-233-768x575.jpg 768w\" sizes=\"auto, (max-width: 960px) 100vw, 960px\" \/><\/figure>\n<\/div>\n\n\n<p class=\"has-text-align-center\">La Boela Moscow<\/p>\n<\/div>\n<\/div>\n\n\n<div class=\"wp-block-image bod-flex\">\n<figure class=\"aligncenter size-large\"><img loading=\"lazy\" decoding=\"async\" width=\"1024\" height=\"658\" src=\"https:\/\/samson-boerboels.hu\/wp-content\/uploads\/2024\/04\/c53eefe5-6b28-451e-bd33-533fa4694d10-1024x658.jpeg\" alt=\"\" class=\"wp-image-514\" srcset=\"https:\/\/samson-boerboels.hu\/wp-content\/uploads\/2024\/04\/c53eefe5-6b28-451e-bd33-533fa4694d10-1024x658.jpeg 1024w, https:\/\/samson-boerboels.hu\/wp-content\/uploads\/2024\/04\/c53eefe5-6b28-451e-bd33-533fa4694d10-300x193.jpeg 300w, https:\/\/samson-boerboels.hu\/wp-content\/uploads\/2024\/04\/c53eefe5-6b28-451e-bd33-533fa4694d10-768x494.jpeg 768w, https:\/\/samson-boerboels.hu\/wp-content\/uploads\/2024\/04\/c53eefe5-6b28-451e-bd33-533fa4694d10-1536x987.jpeg 1536w, https:\/\/samson-boerboels.hu\/wp-content\/uploads\/2024\/04\/c53eefe5-6b28-451e-bd33-533fa4694d10-18x12.jpeg 18w, https:\/\/samson-boerboels.hu\/wp-content\/uploads\/2024\/04\/c53eefe5-6b28-451e-bd33-533fa4694d10.jpeg 1732w\" sizes=\"auto, (max-width: 1024px) 100vw, 1024px\" \/><\/figure>\n<\/div>","protected":false},"excerpt":{"rendered":"<p>Samson Boerboels: \u0150shonos afrikai Boerboelek \u00d6r\u00f6mmel k\u00f6sz\u00f6ntelek a weboldalamon, ahol magyarorsz\u00e1gi teny\u00e9szt\u0151k\u00e9nt b\u00fcszk\u00e9n bemutatom d\u00e9l-afrikai Boerboel kutya\u00e1llom\u00e1nyunkat. A Boerboel nem csup\u00e1n egy kutya, hanem egy h\u0171s\u00e9ges t\u00e1rs, akiben a d\u00e9l-afrikai hagyom\u00e1nyok \u00e9s a csal\u00e1d ir\u00e1nti elk\u00f6telezetts\u00e9g \u00f6sszefon\u00f3dik. Fedezd fel bemutatkoz\u00f3 vide\u00f3nkat, melyet a Kennel Cast Tv csapata seg\u00edts\u00e9g\u00e9vel k\u00e9sz\u00edtett\u00fcnk, hogy m\u00e9g k\u00f6zelebb hozzuk hozz\u00e1d e &hellip; <\/p>\n<p class=\"link-more\"><a href=\"https:\/\/samson-boerboels.hu\/en\/\" class=\"more-link\">Read more<span class=\"screen-reader-text\"> &#8222;&#8221;<\/span><\/a><\/p>","protected":false},"author":1,"featured_media":0,"parent":0,"menu_order":0,"comment_status":"closed","ping_status":"closed","template":"","meta":{"footnotes":""},"class_list":["post-7","page","type-page","status-publish","hentry"],"yoast_head":"<!-- This site is optimized with the Yoast SEO plugin v22.1 - https:\/\/yoast.com\/wordpress\/plugins\/seo\/ -->\n<title>- Samson boerboels<\/title>\n<meta name=\"description\" content=\"Discover the majestic South African Boerboels of Samson Boerboels. Explore our site to witness the unique life and adventures of these magnificent dogs in our loving home in Hungary. Visit now for an intimate glimpse into the world of Boerboels.\" \/>\n<meta name=\"robots\" content=\"index, follow, max-snippet:-1, max-image-preview:large, max-video-preview:-1\" \/>\n<link rel=\"canonical\" href=\"https:\/\/samson-boerboels.hu\/en\/\" \/>\n<meta property=\"og:locale\" content=\"en_US\" \/>\n<meta property=\"og:type\" content=\"article\" \/>\n<meta property=\"og:title\" content=\"- Samson boerboels\" \/>\n<meta property=\"og:description\" content=\"Discover the majestic South African Boerboels of Samson Boerboels. Explore our site to witness the unique life and adventures of these magnificent dogs in our loving home in Hungary. Visit now for an intimate glimpse into the world of Boerboels.\" \/>\n<meta property=\"og:url\" content=\"https:\/\/samson-boerboels.hu\/en\/\" \/>\n<meta property=\"og:site_name\" content=\"Samson boerboels\" \/>\n<meta property=\"article:publisher\" content=\"https:\/\/www.facebook.com\/profile.php?id=61554022043970\" \/>\n<meta property=\"article:modified_time\" content=\"2024-11-10T18:06:48+00:00\" \/>\n<meta property=\"og:image\" content=\"https:\/\/samson-boerboels.hu\/wp-content\/uploads\/2024\/11\/banner-691x1024.jpg\" \/>\n<meta name=\"twitter:card\" content=\"summary_large_image\" \/>\n<meta name=\"twitter:label1\" content=\"Est. reading time\" \/>\n\t<meta name=\"twitter:data1\" content=\"2 minutes\" \/>\n<script type=\"application\/ld+json\" class=\"yoast-schema-graph\">{\"@context\":\"https:\/\/schema.org\",\"@graph\":[{\"@type\":\"WebPage\",\"@id\":\"https:\/\/samson-boerboels.hu\/\",\"url\":\"https:\/\/samson-boerboels.hu\/\",\"name\":\"- Samson boerboels\",\"isPartOf\":{\"@id\":\"https:\/\/samson-boerboels.hu\/en\/#website\"},\"datePublished\":\"2023-11-19T23:11:58+00:00\",\"dateModified\":\"2024-11-10T18:06:48+00:00\",\"description\":\"Discover the majestic South African Boerboels of Samson Boerboels. Explore our site to witness the unique life and adventures of these magnificent dogs in our loving home in Hungary. Visit now for an intimate glimpse into the world of Boerboels.\",\"inLanguage\":\"en-US\",\"potentialAction\":[{\"@type\":\"ReadAction\",\"target\":[\"https:\/\/samson-boerboels.hu\/\"]}]},{\"@type\":\"WebSite\",\"@id\":\"https:\/\/samson-boerboels.hu\/en\/#website\",\"url\":\"https:\/\/samson-boerboels.hu\/en\/\",\"name\":\"S\u00e1mson Boerboels\",\"description\":\"\",\"publisher\":{\"@id\":\"https:\/\/samson-boerboels.hu\/en\/#organization\"},\"potentialAction\":[{\"@type\":\"SearchAction\",\"target\":{\"@type\":\"EntryPoint\",\"urlTemplate\":\"https:\/\/samson-boerboels.hu\/en\/?s={search_term_string}\"},\"query-input\":\"required name=search_term_string\"}],\"inLanguage\":\"en-US\"},{\"@type\":\"Organization\",\"@id\":\"https:\/\/samson-boerboels.hu\/en\/#organization\",\"name\":\"S\u00e1mson Boerboels\",\"url\":\"https:\/\/samson-boerboels.hu\/en\/\",\"logo\":{\"@type\":\"ImageObject\",\"inLanguage\":\"en-US\",\"@id\":\"https:\/\/samson-boerboels.hu\/en\/#\/schema\/logo\/image\/\",\"url\":\"https:\/\/samson-boerboels.hu\/wp-content\/uploads\/2023\/12\/cropped-mini-logo-new.png\",\"contentUrl\":\"https:\/\/samson-boerboels.hu\/wp-content\/uploads\/2023\/12\/cropped-mini-logo-new.png\",\"width\":433,\"height\":179,\"caption\":\"S\u00e1mson Boerboels\"},\"image\":{\"@id\":\"https:\/\/samson-boerboels.hu\/en\/#\/schema\/logo\/image\/\"},\"sameAs\":[\"https:\/\/www.facebook.com\/profile.php?id=61554022043970\"]}]}<\/script>\n<!-- \/ Yoast SEO plugin. -->","yoast_head_json":{"title":"- Samson boerboels","description":"Discover the majestic South African Boerboels of Samson Boerboels. Explore our site to witness the unique life and adventures of these magnificent dogs in our loving home in Hungary. Visit now for an intimate glimpse into the world of Boerboels.","robots":{"index":"index","follow":"follow","max-snippet":"max-snippet:-1","max-image-preview":"max-image-preview:large","max-video-preview":"max-video-preview:-1"},"canonical":"https:\/\/samson-boerboels.hu\/en\/","og_locale":"en_US","og_type":"article","og_title":"- Samson boerboels","og_description":"Discover the majestic South African Boerboels of Samson Boerboels. Explore our site to witness the unique life and adventures of these magnificent dogs in our loving home in Hungary. Visit now for an intimate glimpse into the world of Boerboels.","og_url":"https:\/\/samson-boerboels.hu\/en\/","og_site_name":"Samson boerboels","article_publisher":"https:\/\/www.facebook.com\/profile.php?id=61554022043970","article_modified_time":"2024-11-10T18:06:48+00:00","og_image":[{"url":"https:\/\/samson-boerboels.hu\/wp-content\/uploads\/2024\/11\/banner-691x1024.jpg"}],"twitter_card":"summary_large_image","twitter_misc":{"Est. reading time":"2 minutes"},"schema":{"@context":"https:\/\/schema.org","@graph":[{"@type":"WebPage","@id":"https:\/\/samson-boerboels.hu\/","url":"https:\/\/samson-boerboels.hu\/","name":"- Samson boerboels","isPartOf":{"@id":"https:\/\/samson-boerboels.hu\/en\/#website"},"datePublished":"2023-11-19T23:11:58+00:00","dateModified":"2024-11-10T18:06:48+00:00","description":"Discover the majestic South African Boerboels of Samson Boerboels. Explore our site to witness the unique life and adventures of these magnificent dogs in our loving home in Hungary. Visit now for an intimate glimpse into the world of Boerboels.","inLanguage":"en-US","potentialAction":[{"@type":"ReadAction","target":["https:\/\/samson-boerboels.hu\/"]}]},{"@type":"WebSite","@id":"https:\/\/samson-boerboels.hu\/en\/#website","url":"https:\/\/samson-boerboels.hu\/en\/","name":"S\u00e1mson Boerboels","description":"","publisher":{"@id":"https:\/\/samson-boerboels.hu\/en\/#organization"},"potentialAction":[{"@type":"SearchAction","target":{"@type":"EntryPoint","urlTemplate":"https:\/\/samson-boerboels.hu\/en\/?s={search_term_string}"},"query-input":"required name=search_term_string"}],"inLanguage":"en-US"},{"@type":"Organization","@id":"https:\/\/samson-boerboels.hu\/en\/#organization","name":"S\u00e1mson Boerboels","url":"https:\/\/samson-boerboels.hu\/en\/","logo":{"@type":"ImageObject","inLanguage":"en-US","@id":"https:\/\/samson-boerboels.hu\/en\/#\/schema\/logo\/image\/","url":"https:\/\/samson-boerboels.hu\/wp-content\/uploads\/2023\/12\/cropped-mini-logo-new.png","contentUrl":"https:\/\/samson-boerboels.hu\/wp-content\/uploads\/2023\/12\/cropped-mini-logo-new.png","width":433,"height":179,"caption":"S\u00e1mson Boerboels"},"image":{"@id":"https:\/\/samson-boerboels.hu\/en\/#\/schema\/logo\/image\/"},"sameAs":["https:\/\/www.facebook.com\/profile.php?id=61554022043970"]}]}},"_links":{"self":[{"href":"https:\/\/samson-boerboels.hu\/en\/wp-json\/wp\/v2\/pages\/7","targetHints":{"allow":["GET"]}}],"collection":[{"href":"https:\/\/samson-boerboels.hu\/en\/wp-json\/wp\/v2\/pages"}],"about":[{"href":"https:\/\/samson-boerboels.hu\/en\/wp-json\/wp\/v2\/types\/page"}],"author":[{"embeddable":true,"href":"https:\/\/samson-boerboels.hu\/en\/wp-json\/wp\/v2\/users\/1"}],"replies":[{"embeddable":true,"href":"https:\/\/samson-boerboels.hu\/en\/wp-json\/wp\/v2\/comments?post=7"}],"version-history":[{"count":19,"href":"https:\/\/samson-boerboels.hu\/en\/wp-json\/wp\/v2\/pages\/7\/revisions"}],"predecessor-version":[{"id":1127,"href":"https:\/\/samson-boerboels.hu\/en\/wp-json\/wp\/v2\/pages\/7\/revisions\/1127"}],"wp:attachment":[{"href":"https:\/\/samson-boerboels.hu\/en\/wp-json\/wp\/v2\/media?parent=7"}],"curies":[{"name":"wp","href":"https:\/\/api.w.org\/{rel}","templated":true}]}}