{"id":862,"date":"2024-10-24T08:00:00","date_gmt":"2024-10-24T08:00:00","guid":{"rendered":"https:\/\/samson-boerboels.hu\/?page_id=862"},"modified":"2024-10-24T08:02:01","modified_gmt":"2024-10-24T08:02:01","slug":"kennel-kisfilmek","status":"publish","type":"page","link":"https:\/\/samson-boerboels.hu\/en\/kennel-kisfilmek\/","title":{"rendered":"Movies"},"content":{"rendered":"<p><br>The videos below offer a glimpse into the daily life of our kennel, capturing the most beautiful moments of our dogs. Follow along to witness the puppies\u2019 growth, their training sessions, and the special events happening at our kennel.<\/p>\n\n\n\n<h2 class=\"wp-block-heading has-text-align-center\">Part 1<\/h2>\n\n\n\n<p>In this video, we offer a glimpse into the daily life of our kennel, where you can get to know our Boerboel dogs up close. We showcase our breeding program, the careful upbringing, and the breed\u2019s characteristic strong and protective nature. We share why responsible breeding is so important to us to raise healthy, balanced dogs who become loyal companions. If you\u2019re interested in our breed and kennel\u2019s story, join us and get to know our dogs in their finest moments!<\/p>\n\n\n\n<figure class=\"wp-block-embed is-type-video is-provider-youtube wp-block-embed-youtube wp-embed-aspect-16-9 wp-has-aspect-ratio\"><div class=\"wp-block-embed__wrapper\">\n<iframe loading=\"lazy\" title=\"BOERBOEL &amp; MEGB\u00cdZHAT\u00d3 TENY\u00c9SZT\u0150K: SAMSON BOERBOEL, SZIL\u00c1GYI BARNAB\u00c1S, AFRICAN MASTIFF,\" width=\"950\" height=\"534\" src=\"https:\/\/www.youtube.com\/embed\/06CkSY0MWjk?start=1&#038;feature=oembed\" frameborder=\"0\" allow=\"accelerometer; autoplay; clipboard-write; encrypted-media; gyroscope; picture-in-picture; web-share\" referrerpolicy=\"strict-origin-when-cross-origin\" allowfullscreen><\/iframe>\n<\/div><\/figure>\n\n\n\n<h2 class=\"wp-block-heading has-text-align-center\">Part 2<\/h2>\n\n\n\n<p>In this video, we continue the story of our Boerboel dogs, showcasing the breed\u2019s powerful appearance and loyal nature.<\/p>\n\n\n\n<figure class=\"wp-block-embed is-type-video is-provider-youtube wp-block-embed-youtube wp-embed-aspect-16-9 wp-has-aspect-ratio\"><div class=\"wp-block-embed__wrapper\">\n<iframe loading=\"lazy\" title=\"SAMSON BOERBOELS the Second Part! Megb\u00edzhat\u00f3 teny\u00e9szt\u0151k: Samson Boerboels, Szil\u00e1gyi Barnab\u00e1s,\" width=\"950\" height=\"534\" src=\"https:\/\/www.youtube.com\/embed\/mIeMZoM_fr8?feature=oembed\" frameborder=\"0\" allow=\"accelerometer; autoplay; clipboard-write; encrypted-media; gyroscope; picture-in-picture; web-share\" referrerpolicy=\"strict-origin-when-cross-origin\" allowfullscreen><\/iframe>\n<\/div><\/figure>\n\n\n\n<p><\/p>","protected":false},"excerpt":{"rendered":"<p>Az al\u00e1bbi vide\u00f3k bepillant\u00e1st ny\u00fajtanak kennel\u00fcnk mindennapjaiba, \u00e9s meg\u00f6r\u00f6k\u00edtik kuty\u00e1ink legszebb pillanatait. K\u00f6vess minket, hogy megismerhesd a k\u00f6lyk\u00f6k fejl\u0151d\u00e9s\u00e9t, tr\u00e9ningjeiket, \u00e9s a kennel\u00fcnkben zajl\u00f3 k\u00fcl\u00f6nleges esem\u00e9nyeket. 1. r\u00e9sz Ebben a vide\u00f3ban bepillant\u00e1st ny\u00fajtunk kennel\u00fcnk mindennapjaiba, ahol megismerheted a Boerboel kuty\u00e1inkat k\u00f6zelebbr\u0151l. Bemutatjuk teny\u00e9szprogramunkat, a gondos nevel\u00e9st, \u00e9s a fajt\u00e1ra jellemz\u0151 er\u0151teljes, v\u00e9delmez\u0151 term\u00e9szetet. Megosztjuk, mi\u00e9rt &hellip; <\/p>\n<p class=\"link-more\"><a href=\"https:\/\/samson-boerboels.hu\/en\/kennel-kisfilmek\/\" class=\"more-link\">Read more<span class=\"screen-reader-text\"> &#8222;Filmek&#8221;<\/span><\/a><\/p>","protected":false},"author":1,"featured_media":0,"parent":0,"menu_order":0,"comment_status":"closed","ping_status":"closed","template":"","meta":{"footnotes":""},"class_list":["post-862","page","type-page","status-publish","hentry"],"yoast_head":"<!-- This site is optimized with the Yoast SEO plugin v22.1 - https:\/\/yoast.com\/wordpress\/plugins\/seo\/ -->\n<title>Filmek - Samson boerboels<\/title>\n<meta name=\"robots\" content=\"index, follow, max-snippet:-1, max-image-preview:large, max-video-preview:-1\" \/>\n<link rel=\"canonical\" href=\"https:\/\/samson-boerboels.hu\/en\/kennel-kisfilmek\/\" \/>\n<meta property=\"og:locale\" content=\"en_US\" \/>\n<meta property=\"og:type\" content=\"article\" \/>\n<meta property=\"og:title\" content=\"Filmek - Samson boerboels\" \/>\n<meta property=\"og:description\" content=\"Az al\u00e1bbi vide\u00f3k bepillant\u00e1st ny\u00fajtanak kennel\u00fcnk mindennapjaiba, \u00e9s meg\u00f6r\u00f6k\u00edtik kuty\u00e1ink legszebb pillanatait. K\u00f6vess minket, hogy megismerhesd a k\u00f6lyk\u00f6k fejl\u0151d\u00e9s\u00e9t, tr\u00e9ningjeiket, \u00e9s a kennel\u00fcnkben zajl\u00f3 k\u00fcl\u00f6nleges esem\u00e9nyeket. 1. r\u00e9sz Ebben a vide\u00f3ban bepillant\u00e1st ny\u00fajtunk kennel\u00fcnk mindennapjaiba, ahol megismerheted a Boerboel kuty\u00e1inkat k\u00f6zelebbr\u0151l. Bemutatjuk teny\u00e9szprogramunkat, a gondos nevel\u00e9st, \u00e9s a fajt\u00e1ra jellemz\u0151 er\u0151teljes, v\u00e9delmez\u0151 term\u00e9szetet. Megosztjuk, mi\u00e9rt &hellip; Read more &quot;Filmek&quot;\" \/>\n<meta property=\"og:url\" content=\"https:\/\/samson-boerboels.hu\/en\/kennel-kisfilmek\/\" \/>\n<meta property=\"og:site_name\" content=\"Samson boerboels\" \/>\n<meta property=\"article:publisher\" content=\"https:\/\/www.facebook.com\/profile.php?id=61554022043970\" \/>\n<meta property=\"article:modified_time\" content=\"2024-10-24T08:02:01+00:00\" \/>\n<meta name=\"twitter:card\" content=\"summary_large_image\" \/>\n<meta name=\"twitter:label1\" content=\"Est. reading time\" \/>\n\t<meta name=\"twitter:data1\" content=\"1 minute\" \/>\n<script type=\"application\/ld+json\" class=\"yoast-schema-graph\">{\"@context\":\"https:\/\/schema.org\",\"@graph\":[{\"@type\":\"WebPage\",\"@id\":\"https:\/\/samson-boerboels.hu\/kennel-kisfilmek\/\",\"url\":\"https:\/\/samson-boerboels.hu\/kennel-kisfilmek\/\",\"name\":\"Filmek - Samson boerboels\",\"isPartOf\":{\"@id\":\"https:\/\/samson-boerboels.hu\/en\/#website\"},\"datePublished\":\"2024-10-24T08:00:00+00:00\",\"dateModified\":\"2024-10-24T08:02:01+00:00\",\"breadcrumb\":{\"@id\":\"https:\/\/samson-boerboels.hu\/kennel-kisfilmek\/#breadcrumb\"},\"inLanguage\":\"en-US\",\"potentialAction\":[{\"@type\":\"ReadAction\",\"target\":[\"https:\/\/samson-boerboels.hu\/kennel-kisfilmek\/\"]}]},{\"@type\":\"BreadcrumbList\",\"@id\":\"https:\/\/samson-boerboels.hu\/kennel-kisfilmek\/#breadcrumb\",\"itemListElement\":[{\"@type\":\"ListItem\",\"position\":1,\"name\":\"Home\",\"item\":\"https:\/\/samson-boerboels.hu\/\"},{\"@type\":\"ListItem\",\"position\":2,\"name\":\"Filmek\"}]},{\"@type\":\"WebSite\",\"@id\":\"https:\/\/samson-boerboels.hu\/en\/#website\",\"url\":\"https:\/\/samson-boerboels.hu\/en\/\",\"name\":\"S\u00e1mson Boerboels\",\"description\":\"\",\"publisher\":{\"@id\":\"https:\/\/samson-boerboels.hu\/en\/#organization\"},\"potentialAction\":[{\"@type\":\"SearchAction\",\"target\":{\"@type\":\"EntryPoint\",\"urlTemplate\":\"https:\/\/samson-boerboels.hu\/en\/?s={search_term_string}\"},\"query-input\":\"required name=search_term_string\"}],\"inLanguage\":\"en-US\"},{\"@type\":\"Organization\",\"@id\":\"https:\/\/samson-boerboels.hu\/en\/#organization\",\"name\":\"S\u00e1mson Boerboels\",\"url\":\"https:\/\/samson-boerboels.hu\/en\/\",\"logo\":{\"@type\":\"ImageObject\",\"inLanguage\":\"en-US\",\"@id\":\"https:\/\/samson-boerboels.hu\/en\/#\/schema\/logo\/image\/\",\"url\":\"https:\/\/samson-boerboels.hu\/wp-content\/uploads\/2023\/12\/cropped-mini-logo-new.png\",\"contentUrl\":\"https:\/\/samson-boerboels.hu\/wp-content\/uploads\/2023\/12\/cropped-mini-logo-new.png\",\"width\":433,\"height\":179,\"caption\":\"S\u00e1mson Boerboels\"},\"image\":{\"@id\":\"https:\/\/samson-boerboels.hu\/en\/#\/schema\/logo\/image\/\"},\"sameAs\":[\"https:\/\/www.facebook.com\/profile.php?id=61554022043970\"]}]}<\/script>\n<!-- \/ Yoast SEO plugin. -->","yoast_head_json":{"title":"Filmek - Samson boerboels","robots":{"index":"index","follow":"follow","max-snippet":"max-snippet:-1","max-image-preview":"max-image-preview:large","max-video-preview":"max-video-preview:-1"},"canonical":"https:\/\/samson-boerboels.hu\/en\/kennel-kisfilmek\/","og_locale":"en_US","og_type":"article","og_title":"Filmek - Samson boerboels","og_description":"Az al\u00e1bbi vide\u00f3k bepillant\u00e1st ny\u00fajtanak kennel\u00fcnk mindennapjaiba, \u00e9s meg\u00f6r\u00f6k\u00edtik kuty\u00e1ink legszebb pillanatait. K\u00f6vess minket, hogy megismerhesd a k\u00f6lyk\u00f6k fejl\u0151d\u00e9s\u00e9t, tr\u00e9ningjeiket, \u00e9s a kennel\u00fcnkben zajl\u00f3 k\u00fcl\u00f6nleges esem\u00e9nyeket. 1. r\u00e9sz Ebben a vide\u00f3ban bepillant\u00e1st ny\u00fajtunk kennel\u00fcnk mindennapjaiba, ahol megismerheted a Boerboel kuty\u00e1inkat k\u00f6zelebbr\u0151l. Bemutatjuk teny\u00e9szprogramunkat, a gondos nevel\u00e9st, \u00e9s a fajt\u00e1ra jellemz\u0151 er\u0151teljes, v\u00e9delmez\u0151 term\u00e9szetet. Megosztjuk, mi\u00e9rt &hellip; Read more \"Filmek\"","og_url":"https:\/\/samson-boerboels.hu\/en\/kennel-kisfilmek\/","og_site_name":"Samson boerboels","article_publisher":"https:\/\/www.facebook.com\/profile.php?id=61554022043970","article_modified_time":"2024-10-24T08:02:01+00:00","twitter_card":"summary_large_image","twitter_misc":{"Est. reading time":"1 minute"},"schema":{"@context":"https:\/\/schema.org","@graph":[{"@type":"WebPage","@id":"https:\/\/samson-boerboels.hu\/kennel-kisfilmek\/","url":"https:\/\/samson-boerboels.hu\/kennel-kisfilmek\/","name":"Filmek - Samson boerboels","isPartOf":{"@id":"https:\/\/samson-boerboels.hu\/en\/#website"},"datePublished":"2024-10-24T08:00:00+00:00","dateModified":"2024-10-24T08:02:01+00:00","breadcrumb":{"@id":"https:\/\/samson-boerboels.hu\/kennel-kisfilmek\/#breadcrumb"},"inLanguage":"en-US","potentialAction":[{"@type":"ReadAction","target":["https:\/\/samson-boerboels.hu\/kennel-kisfilmek\/"]}]},{"@type":"BreadcrumbList","@id":"https:\/\/samson-boerboels.hu\/kennel-kisfilmek\/#breadcrumb","itemListElement":[{"@type":"ListItem","position":1,"name":"Home","item":"https:\/\/samson-boerboels.hu\/"},{"@type":"ListItem","position":2,"name":"Filmek"}]},{"@type":"WebSite","@id":"https:\/\/samson-boerboels.hu\/en\/#website","url":"https:\/\/samson-boerboels.hu\/en\/","name":"S\u00e1mson Boerboels","description":"","publisher":{"@id":"https:\/\/samson-boerboels.hu\/en\/#organization"},"potentialAction":[{"@type":"SearchAction","target":{"@type":"EntryPoint","urlTemplate":"https:\/\/samson-boerboels.hu\/en\/?s={search_term_string}"},"query-input":"required name=search_term_string"}],"inLanguage":"en-US"},{"@type":"Organization","@id":"https:\/\/samson-boerboels.hu\/en\/#organization","name":"S\u00e1mson Boerboels","url":"https:\/\/samson-boerboels.hu\/en\/","logo":{"@type":"ImageObject","inLanguage":"en-US","@id":"https:\/\/samson-boerboels.hu\/en\/#\/schema\/logo\/image\/","url":"https:\/\/samson-boerboels.hu\/wp-content\/uploads\/2023\/12\/cropped-mini-logo-new.png","contentUrl":"https:\/\/samson-boerboels.hu\/wp-content\/uploads\/2023\/12\/cropped-mini-logo-new.png","width":433,"height":179,"caption":"S\u00e1mson Boerboels"},"image":{"@id":"https:\/\/samson-boerboels.hu\/en\/#\/schema\/logo\/image\/"},"sameAs":["https:\/\/www.facebook.com\/profile.php?id=61554022043970"]}]}},"_links":{"self":[{"href":"https:\/\/samson-boerboels.hu\/en\/wp-json\/wp\/v2\/pages\/862","targetHints":{"allow":["GET"]}}],"collection":[{"href":"https:\/\/samson-boerboels.hu\/en\/wp-json\/wp\/v2\/pages"}],"about":[{"href":"https:\/\/samson-boerboels.hu\/en\/wp-json\/wp\/v2\/types\/page"}],"author":[{"embeddable":true,"href":"https:\/\/samson-boerboels.hu\/en\/wp-json\/wp\/v2\/users\/1"}],"replies":[{"embeddable":true,"href":"https:\/\/samson-boerboels.hu\/en\/wp-json\/wp\/v2\/comments?post=862"}],"version-history":[{"count":2,"href":"https:\/\/samson-boerboels.hu\/en\/wp-json\/wp\/v2\/pages\/862\/revisions"}],"predecessor-version":[{"id":865,"href":"https:\/\/samson-boerboels.hu\/en\/wp-json\/wp\/v2\/pages\/862\/revisions\/865"}],"wp:attachment":[{"href":"https:\/\/samson-boerboels.hu\/en\/wp-json\/wp\/v2\/media?parent=862"}],"curies":[{"name":"wp","href":"https:\/\/api.w.org\/{rel}","templated":true}]}}